{"id":1086471,"date":"2023-08-07T11:43:07","date_gmt":"2023-08-07T10:43:07","guid":{"rendered":"https:\/\/www.boisdesreves.be\/activities\/barbecue\/"},"modified":"2025-05-27T10:43:03","modified_gmt":"2025-05-27T09:43:03","slug":"barbecue","status":"publish","type":"page","link":"https:\/\/www.boisdesreves.be\/en\/activities\/barbecue\/","title":{"rendered":"Barbecue"},"content":{"rendered":"<p>[et_pb_section fb_built=&#8221;1&#8243; admin_label=&#8221;Page header&#8221; _builder_version=&#8221;4.26.0&#8243; _module_preset=&#8221;default&#8221; background_enable_color=&#8221;off&#8221; use_background_color_gradient=&#8221;on&#8221; background_color_gradient_stops=&#8221;rgba(0,0,0,0.42) 0%|rgba(0,0,0,0.42) 100%&#8221; background_color_gradient_overlays_image=&#8221;on&#8221; background_image=&#8221;https:\/\/www.boisdesreves.be\/wp-content\/uploads\/2023\/11\/bdr-activites-barbecue.jpg&#8221; custom_padding=&#8221;0px||0px||true|false&#8221; da_disable_devices=&#8221;off|off|off&#8221; global_colors_info=&#8221;{}&#8221; da_is_popup=&#8221;off&#8221; da_exit_intent=&#8221;off&#8221; da_has_close=&#8221;on&#8221; da_alt_close=&#8221;off&#8221; da_dark_close=&#8221;off&#8221; da_not_modal=&#8221;on&#8221; da_is_singular=&#8221;off&#8221; da_with_loader=&#8221;off&#8221; da_has_shadow=&#8221;on&#8221;][et_pb_row make_equal=&#8221;on&#8221; _builder_version=&#8221;4.21.0&#8243; _module_preset=&#8221;default&#8221; min_height=&#8221;700px&#8221; height=&#8221;70vh&#8221; custom_padding=&#8221;0px||0px||true|false&#8221; global_colors_info=&#8221;{}&#8221;][et_pb_column type=&#8221;4_4&#8243; _builder_version=&#8221;4.21.0&#8243; _module_preset=&#8221;default&#8221; custom_padding=&#8221;7rem||7rem||true|false&#8221; custom_padding_tablet=&#8221;15rem||15rem||true|false&#8221; custom_padding_phone=&#8221;15rem||15rem||true|false&#8221; custom_padding_last_edited=&#8221;on|desktop&#8221; custom_css_main_element=&#8221;margin:auto&#8221; global_colors_info=&#8221;{}&#8221;][et_pb_text admin_label=&#8221;Subtitle&#8221; _builder_version=&#8221;4.21.0&#8243; _module_preset=&#8221;fd7b561b-8c85-4c7e-ab66-d715483c04a4&#8243; global_colors_info=&#8221;{%22gcid-f85ae0c9-fd65-448b-93e8-9cc62cbcda12%22:%91%22header_text_color%22%93,%22gcid-6445eed1-37c8-4882-a47d-a3f63d28d4f2%22:%91%22link_text_color%22,%22link_text_color%22%93}&#8221;]<\/p>\n<p>Activities<\/p>\n<p>[\/et_pb_text][et_pb_text admin_label=&#8221;Title&#8221; _builder_version=&#8221;4.21.0&#8243; _module_preset=&#8221;0003039b-79ee-4180-912b-ede439a2e297&#8243; global_colors_info=&#8221;{%22gcid-f85ae0c9-fd65-448b-93e8-9cc62cbcda12%22:%91%22header_2_text_color%22,%22header_3_text_color%22%93,%22gcid-6445eed1-37c8-4882-a47d-a3f63d28d4f2%22:%91%22link_text_color%22,%22link_text_color%22%93}&#8221;]<\/p>\n<h1><span aria-hidden=\"true\">\u2014<\/span> <span style=\"color: #ffffff;\">Barbecue<\/span><\/h1>\n<p>[\/et_pb_text][\/et_pb_column][\/et_pb_row][\/et_pb_section][et_pb_section fb_built=&#8221;1&#8243; admin_label=&#8221;Content&#8221; module_id=&#8221;contenu-principal&#8221; _builder_version=&#8221;4.25.0&#8243; _module_preset=&#8221;default&#8221; da_disable_devices=&#8221;off|off|off&#8221; global_colors_info=&#8221;{}&#8221; da_is_popup=&#8221;off&#8221; da_exit_intent=&#8221;off&#8221; da_has_close=&#8221;on&#8221; da_alt_close=&#8221;off&#8221; da_dark_close=&#8221;off&#8221; da_not_modal=&#8221;on&#8221; da_is_singular=&#8221;off&#8221; da_with_loader=&#8221;off&#8221; da_has_shadow=&#8221;on&#8221;][et_pb_row column_structure=&#8221;3_5,2_5&#8243; admin_label=&#8221;Text&#8221; _builder_version=&#8221;4.21.0&#8243; _module_preset=&#8221;default&#8221; global_colors_info=&#8221;{}&#8221;][et_pb_column type=&#8221;3_5&#8243; _builder_version=&#8221;4.21.0&#8243; _module_preset=&#8221;default&#8221; global_colors_info=&#8221;{}&#8221;][et_pb_text _builder_version=&#8221;4.26.0&#8243; _module_preset=&#8221;8aa5f111-faef-4104-af48-83b100dc9f92&#8243; header_3_font=&#8221;Hepta Slab|700|||||||&#8221; header_3_text_color=&#8221;gcid-f85ae0c9-fd65-448b-93e8-9cc62cbcda12&#8243; header_3_font_size=&#8221;26px&#8221; header_3_line_height=&#8221;1.8em&#8221; max_width=&#8221;650px&#8221; global_colors_info=&#8221;{%22gcid-f85ae0c9-fd65-448b-93e8-9cc62cbcda12%22:%91%22header_text_color%22,%22header_2_text_color%22,%22header_3_text_color%22%93}&#8221;]<\/p>\n<p>Whether you are with family, colleagues or friends, after a trip to the countryside, a seminar, a hike, a treasure hunt, a mountain bike trail or fishing for whitefish, any opportunity is good to share a grill at Bois des R\u00eaves. All that\u2019s left to do is send out the invitations. <\/p>\n<h3>Practical information<\/h3>\n<p><em>Bring your charcoal, your gourmet basket and your tableware, we will provide you with the location, furniture, barbecues, grills, electricity and a water supply.<\/em><\/p>\n<p><em>Bois des R\u00eaves offers two BBQ areas for rent:<br \/><\/em><\/p>\n<ul>\n<li><em>open from March 30 to September 30<\/em><\/li>\n<li><em>cabins, benches and tables for up to 60 guests<\/em><\/li>\n<li><em>access to water and electricity<\/em><\/li>\n<li><em>barbecues and grills<\/em><\/li>\n<li><em>\u20ac80 &#8211; area of max. 40 people &#8220;DE&#8221; <\/em><\/li>\n<li><em>\u20ac120 &#8211; area of max. 60 people \u201cFGH\u201d  <\/em><em><\/em><\/li>\n<\/ul>\n<p><em>Reservation required:<\/em> <em><a href=\"mailto:barbecues.bdr@brabantwallon.be\">barbecues.bdr@brabantwallon.be<\/a><\/em><\/p>\n<p>[\/et_pb_text][\/et_pb_column][et_pb_column type=&#8221;2_5&#8243; module_class=&#8221;info-box blue&#8221; admin_label=&#8221;Info-box&#8221; _builder_version=&#8221;4.21.0&#8243; _module_preset=&#8221;default&#8221; background_color=&#8221;gcid-732bf70e-1304-49c4-8803-7da7f06e9833&#8243; custom_padding=&#8221;3rem|3rem|3rem|3rem|true|true&#8221; global_colors_info=&#8221;{%22gcid-732bf70e-1304-49c4-8803-7da7f06e9833%22:%91%22background_color%22%93}&#8221;][et_pb_text _builder_version=&#8221;4.21.0&#8243; _module_preset=&#8221;default&#8221; global_colors_info=&#8221;{}&#8221;]<\/p>\n<h2><span class=\"et-pb-icon\" aria-hidden=\"true\">\ue086<\/span> Useful documents<\/h2>\n<p>[\/et_pb_text][et_pb_text _builder_version=&#8221;4.27.4&#8243; _module_preset=&#8221;8aa5f111-faef-4104-af48-83b100dc9f92&#8243; link_text_color=&#8221;gcid-6445eed1-37c8-4882-a47d-a3f63d28d4f2&#8243; hover_enabled=&#8221;0&#8243; global_colors_info=&#8221;{%22gcid-f85ae0c9-fd65-448b-93e8-9cc62cbcda12%22:%91%22header_text_color%22,%22header_2_text_color%22%93,%22gcid-6445eed1-37c8-4882-a47d-a3f63d28d4f2%22:%91%22link_text_color%22%93}&#8221; sticky_enabled=&#8221;0&#8243;]<\/p>\n<p><span style=\"font-weight: 400;\"><a href=\"\/wp-content\/uploads\/2025\/05\/Bois-des-Reves-reglement-dordr-e-interieur-barbecue-FR-2025.pdf\">Consult our regulations<\/a> to best prepare your visit. (Only in French)<\/span><\/p>\n<p>[\/et_pb_text][\/et_pb_column][\/et_pb_row][\/et_pb_section][et_pb_section fb_built=&#8221;1&#8243; admin_label=&#8221;Gallery&#8221; _builder_version=&#8221;4.21.0&#8243; _module_preset=&#8221;default&#8221; overflow-y=&#8221;visible&#8221; custom_margin=&#8221;||||false|false&#8221; custom_padding=&#8221;8px||||false|false&#8221; bottom_divider_style=&#8221;slant&#8221; bottom_divider_color=&#8221;gcid-732bf70e-1304-49c4-8803-7da7f06e9833&#8243; bottom_divider_height=&#8221;500px&#8221; bottom_divider_repeat=&#8221;1x&#8221; da_disable_devices=&#8221;off|off|off&#8221; border_width_bottom=&#8221;50px&#8221; border_color_bottom=&#8221;gcid-732bf70e-1304-49c4-8803-7da7f06e9833&#8243; locked=&#8221;off&#8221; global_colors_info=&#8221;{%22gcid-732bf70e-1304-49c4-8803-7da7f06e9833%22:%91%22bottom_divider_color%22,%22border_color_bottom%22%93}&#8221; da_is_popup=&#8221;off&#8221; da_exit_intent=&#8221;off&#8221; da_has_close=&#8221;on&#8221; da_alt_close=&#8221;off&#8221; da_dark_close=&#8221;off&#8221; da_not_modal=&#8221;on&#8221; da_is_singular=&#8221;off&#8221; da_with_loader=&#8221;off&#8221; da_has_shadow=&#8221;on&#8221;][et_pb_row _builder_version=&#8221;4.24.3&#8243; _module_preset=&#8221;default&#8221; background_enable_color=&#8221;off&#8221; z_index=&#8221;2&#8243; width_tablet=&#8221;&#8221; width_phone=&#8221;100%&#8221; width_last_edited=&#8221;on|phone&#8221; overflow-y=&#8221;visible&#8221; custom_margin=&#8221;||||false|false&#8221; global_colors_info=&#8221;{}&#8221;][et_pb_column type=&#8221;4_4&#8243; _builder_version=&#8221;4.21.0&#8243; _module_preset=&#8221;default&#8221; global_colors_info=&#8221;{}&#8221;][dsm_masonry_gallery gallery_ids=&#8221;1086577,1086579,1086581,1086587&#8243; dsm_sort_images=&#8221;off&#8221; columns=&#8221;2&#8243; use_horizontal_order=&#8221;off&#8221; _builder_version=&#8221;4.24.3&#8243; _module_preset=&#8221;default&#8221; global_colors_info=&#8221;{}&#8221;][\/dsm_masonry_gallery][\/et_pb_column][\/et_pb_row][\/et_pb_section][et_pb_section fb_built=&#8221;1&#8243; fullwidth=&#8221;on&#8221; admin_label=&#8221;Fullwidth image&#8221; _builder_version=&#8221;4.24.3&#8243; _module_preset=&#8221;default&#8221; background_image=&#8221;https:\/\/www.boisdesreves.be\/wp-content\/uploads\/2023\/11\/bdr-activites-barbecue-0.jpg&#8221; custom_margin=&#8221;||||false|false&#8221; custom_padding=&#8221;14rem||14rem||true|false&#8221; da_disable_devices=&#8221;off|off|off&#8221; locked=&#8221;off&#8221; global_colors_info=&#8221;{}&#8221; custom_css_main_element_last_edited=&#8221;on|phone&#8221; custom_css_main_element_phone=&#8221;padding-top: 10rem !important;||padding-bottom: 10rem !important;&#8221; da_is_popup=&#8221;off&#8221; da_exit_intent=&#8221;off&#8221; da_has_close=&#8221;on&#8221; da_alt_close=&#8221;off&#8221; da_dark_close=&#8221;off&#8221; da_not_modal=&#8221;on&#8221; da_is_singular=&#8221;off&#8221; da_with_loader=&#8221;off&#8221; da_has_shadow=&#8221;on&#8221;][\/et_pb_section]<\/p>\n","protected":false},"excerpt":{"rendered":"<p>Activities\u2014 BarbecueWhether you are with family, colleagues or friends, after a trip to the countryside, a seminar, a hike, a treasure hunt, a mountain bike trail or fishing for whitefish, any opportunity is good to share a grill at Bois des R\u00eaves. All that\u2019s left to do is send out the invitations. Practical information Bring your charcoal, your gourmet basket and your tableware, we will provide you with the location, furniture, barbecues, grills, electricity and a water supply. Bois des R\u00eaves offers two BBQ areas for rent: open from March 30 to September 30 cabins, benches and tables for up to 60 guests access to water and electricity barbecues and grills \u20ac80 &#8211; area of max. 40 people &#8220;DE&#8221; \u20ac120 &#8211; area of max. 60 people \u201cFGH\u201d Reservation required: barbecues.bdr@brabantwallon.be\ue086 Useful documentsConsult our regulations to best prepare your visit. (Only in French)<div class=\"et_pb_module dsm_masonry_gallery dsm_masonry_gallery_0\">\n\t\t\t\t\n\t\t\t\t\n\t\t\t\t\n\t\t\t\t\n\t\t\t\t\n\t\t\t\t\n\t\t\t\t<div class=\"et_pb_module_inner\">\n\t\t\t\t\t<div class=\"dsm-gallery grid\" data-lightbox=\"false\" data-horizontalorder=\"false\">\n                <div class=\"grid-sizer\"><\/div><div class=\"gutter-sizer\"><\/div><div class=\"grid-item\">\n                    <div class=\"et_pb_image_wrap\">\n                        <img loading=\"lazy\" decoding=\"async\" src=\"https:\/\/www.boisdesreves.be\/wp-content\/uploads\/2023\/11\/bdr-activites-barbecue-1.jpg\" title=\"\" alt=\"Barbecue area, building H\" class=\"dsm-skip-lazyload\" srcset=\"https:\/\/www.boisdesreves.be\/wp-content\/uploads\/2023\/11\/bdr-activites-barbecue-1.jpg 800w, https:\/\/www.boisdesreves.be\/wp-content\/uploads\/2023\/11\/bdr-activites-barbecue-1-480x355.jpg 480w\" sizes=\"(min-width: 0px) and (max-width: 480px) 480px, (min-width: 481px) 800px, 100vw\" width=\"800\" height=\"592\" \/>\n                        \n                    <\/div>\n                <\/div><div class=\"grid-item\">\n                    <div class=\"et_pb_image_wrap\">\n                        <img loading=\"lazy\" decoding=\"async\" src=\"https:\/\/www.boisdesreves.be\/wp-content\/uploads\/2023\/11\/bdr-activites-barbecue-2.jpg\" title=\"\" alt=\"Barbecue area, building D\" class=\"dsm-skip-lazyload\" srcset=\"https:\/\/www.boisdesreves.be\/wp-content\/uploads\/2023\/11\/bdr-activites-barbecue-2.jpg 800w, https:\/\/www.boisdesreves.be\/wp-content\/uploads\/2023\/11\/bdr-activites-barbecue-2-480x447.jpg 480w\" sizes=\"(min-width: 0px) and (max-width: 480px) 480px, (min-width: 481px) 800px, 100vw\" width=\"800\" height=\"745\" \/>\n                        \n                    <\/div>\n                <\/div><div class=\"grid-item\">\n                    <div class=\"et_pb_image_wrap\">\n                        <img loading=\"lazy\" decoding=\"async\" src=\"https:\/\/www.boisdesreves.be\/wp-content\/uploads\/2023\/11\/bdr-activites-barbecue-3.jpg\" title=\"\" alt=\"Places reserved for barbecues\" class=\"dsm-skip-lazyload\" srcset=\"https:\/\/www.boisdesreves.be\/wp-content\/uploads\/2023\/11\/bdr-activites-barbecue-3.jpg 800w, https:\/\/www.boisdesreves.be\/wp-content\/uploads\/2023\/11\/bdr-activites-barbecue-3-480x311.jpg 480w\" sizes=\"(min-width: 0px) and (max-width: 480px) 480px, (min-width: 481px) 800px, 100vw\" width=\"800\" height=\"519\" \/>\n                        \n                    <\/div>\n                <\/div><div class=\"grid-item\">\n                    <div class=\"et_pb_image_wrap\">\n                        <img loading=\"lazy\" decoding=\"async\" src=\"https:\/\/www.boisdesreves.be\/wp-content\/uploads\/2023\/11\/bdr-activites-barbecue-5.jpg\" title=\"\" alt=\"People around a BBQ\" class=\"dsm-skip-lazyload\" srcset=\"https:\/\/www.boisdesreves.be\/wp-content\/uploads\/2023\/11\/bdr-activites-barbecue-5.jpg 800w, https:\/\/www.boisdesreves.be\/wp-content\/uploads\/2023\/11\/bdr-activites-barbecue-5-480x320.jpg 480w\" sizes=\"(min-width: 0px) and (max-width: 480px) 480px, (min-width: 481px) 800px, 100vw\" width=\"800\" height=\"534\" \/>\n                        \n                    <\/div>\n                <\/div>\n             <\/div>\n\t\t\t\t<\/div>\n\t\t\t<\/div><\/p>\n","protected":false},"author":1,"featured_media":0,"parent":1086466,"menu_order":0,"comment_status":"closed","ping_status":"closed","template":"","meta":{"_acf_changed":false,"_et_pb_use_builder":"on","_et_pb_old_content":"","_et_gb_content_width":"","footnotes":""},"class_list":["post-1086471","page","type-page","status-publish","hentry"],"acf":[],"yoast_head":"<!-- This site is optimized with the Yoast SEO plugin v24.2 - https:\/\/yoast.com\/wordpress\/plugins\/seo\/ -->\n<title>Barbecue at Bois des R\u00eaves - Rent a space for your grills<\/title>\n<meta name=\"description\" content=\"Host your next barbecue at Bois des R\u00eaves, the ideal venue for outdoor gatherings. With areas for up to 60 people.\" \/>\n<meta name=\"robots\" content=\"index, follow, max-snippet:-1, max-image-preview:large, max-video-preview:-1\" \/>\n<link rel=\"canonical\" href=\"https:\/\/www.boisdesreves.be\/en\/activities\/barbecue\/\" \/>\n<meta property=\"og:locale\" content=\"en_US\" \/>\n<meta property=\"og:type\" content=\"article\" \/>\n<meta property=\"og:title\" content=\"Barbecue at Bois des R\u00eaves - Rent a space for your grills\" \/>\n<meta property=\"og:description\" content=\"Host your next barbecue at Bois des R\u00eaves, the ideal venue for outdoor gatherings. With areas for up to 60 people.\" \/>\n<meta property=\"og:url\" content=\"https:\/\/www.boisdesreves.be\/en\/activities\/barbecue\/\" \/>\n<meta property=\"og:site_name\" content=\"Bois des R\u00eaves\" \/>\n<meta property=\"article:publisher\" content=\"https:\/\/www.facebook.com\/boisdesrevesottignies\" \/>\n<meta property=\"article:modified_time\" content=\"2025-05-27T09:43:03+00:00\" \/>\n<meta property=\"og:image\" content=\"https:\/\/www.boisdesreves.be\/wp-content\/uploads\/2023\/05\/BdR_Logotype__Couleurs_rvb.png\" \/>\n\t<meta property=\"og:image:width\" content=\"618\" \/>\n\t<meta property=\"og:image:height\" content=\"238\" \/>\n\t<meta property=\"og:image:type\" content=\"image\/png\" \/>\n<meta name=\"twitter:card\" content=\"summary_large_image\" \/>\n<meta name=\"twitter:label1\" content=\"Est. reading time\" \/>\n\t<meta name=\"twitter:data1\" content=\"5 minutes\" \/>\n<script type=\"application\/ld+json\" class=\"yoast-schema-graph\">{\"@context\":\"https:\/\/schema.org\",\"@graph\":[{\"@type\":\"WebPage\",\"@id\":\"https:\/\/www.boisdesreves.be\/en\/activities\/barbecue\/\",\"url\":\"https:\/\/www.boisdesreves.be\/en\/activities\/barbecue\/\",\"name\":\"Barbecue at Bois des R\u00eaves - Rent a space for your grills\",\"isPartOf\":{\"@id\":\"https:\/\/www.boisdesreves.be\/#website\"},\"datePublished\":\"2023-08-07T10:43:07+00:00\",\"dateModified\":\"2025-05-27T09:43:03+00:00\",\"description\":\"Host your next barbecue at Bois des R\u00eaves, the ideal venue for outdoor gatherings. With areas for up to 60 people.\",\"breadcrumb\":{\"@id\":\"https:\/\/www.boisdesreves.be\/en\/activities\/barbecue\/#breadcrumb\"},\"inLanguage\":\"en-US\",\"potentialAction\":[{\"@type\":\"ReadAction\",\"target\":[\"https:\/\/www.boisdesreves.be\/en\/activities\/barbecue\/\"]}]},{\"@type\":\"BreadcrumbList\",\"@id\":\"https:\/\/www.boisdesreves.be\/en\/activities\/barbecue\/#breadcrumb\",\"itemListElement\":[{\"@type\":\"ListItem\",\"position\":1,\"name\":\"Home\",\"item\":\"https:\/\/www.boisdesreves.be\/\"},{\"@type\":\"ListItem\",\"position\":2,\"name\":\"Activities\",\"item\":\"https:\/\/www.boisdesreves.be\/activites\/\"},{\"@type\":\"ListItem\",\"position\":3,\"name\":\"Barbecue\"}]},{\"@type\":\"WebSite\",\"@id\":\"https:\/\/www.boisdesreves.be\/#website\",\"url\":\"https:\/\/www.boisdesreves.be\/\",\"name\":\"Bois des R\u00eaves\",\"description\":\"Bois des R\u00eaves - Aventure en plein c\u0153ur du Brabant Wallon\",\"publisher\":{\"@id\":\"https:\/\/www.boisdesreves.be\/#organization\"},\"potentialAction\":[{\"@type\":\"SearchAction\",\"target\":{\"@type\":\"EntryPoint\",\"urlTemplate\":\"https:\/\/www.boisdesreves.be\/?s={search_term_string}\"},\"query-input\":{\"@type\":\"PropertyValueSpecification\",\"valueRequired\":true,\"valueName\":\"search_term_string\"}}],\"inLanguage\":\"en-US\"},{\"@type\":\"Organization\",\"@id\":\"https:\/\/www.boisdesreves.be\/#organization\",\"name\":\"Bois des R\u00eaves\",\"url\":\"https:\/\/www.boisdesreves.be\/\",\"logo\":{\"@type\":\"ImageObject\",\"inLanguage\":\"en-US\",\"@id\":\"https:\/\/www.boisdesreves.be\/#\/schema\/logo\/image\/\",\"url\":\"https:\/\/www.boisdesreves.be\/wp-content\/uploads\/2024\/04\/cropped-BdR_Logo_Without_Tag.png\",\"contentUrl\":\"https:\/\/www.boisdesreves.be\/wp-content\/uploads\/2024\/04\/cropped-BdR_Logo_Without_Tag.png\",\"width\":512,\"height\":512,\"caption\":\"Bois des R\u00eaves\"},\"image\":{\"@id\":\"https:\/\/www.boisdesreves.be\/#\/schema\/logo\/image\/\"},\"sameAs\":[\"https:\/\/www.facebook.com\/boisdesrevesottignies\"]}]}<\/script>\n<!-- \/ Yoast SEO plugin. -->","yoast_head_json":{"title":"Barbecue at Bois des R\u00eaves - Rent a space for your grills","description":"Host your next barbecue at Bois des R\u00eaves, the ideal venue for outdoor gatherings. With areas for up to 60 people.","robots":{"index":"index","follow":"follow","max-snippet":"max-snippet:-1","max-image-preview":"max-image-preview:large","max-video-preview":"max-video-preview:-1"},"canonical":"https:\/\/www.boisdesreves.be\/en\/activities\/barbecue\/","og_locale":"en_US","og_type":"article","og_title":"Barbecue at Bois des R\u00eaves - Rent a space for your grills","og_description":"Host your next barbecue at Bois des R\u00eaves, the ideal venue for outdoor gatherings. With areas for up to 60 people.","og_url":"https:\/\/www.boisdesreves.be\/en\/activities\/barbecue\/","og_site_name":"Bois des R\u00eaves","article_publisher":"https:\/\/www.facebook.com\/boisdesrevesottignies","article_modified_time":"2025-05-27T09:43:03+00:00","og_image":[{"width":618,"height":238,"url":"https:\/\/www.boisdesreves.be\/wp-content\/uploads\/2023\/05\/BdR_Logotype__Couleurs_rvb.png","type":"image\/png"}],"twitter_card":"summary_large_image","twitter_misc":{"Est. reading time":"5 minutes"},"schema":{"@context":"https:\/\/schema.org","@graph":[{"@type":"WebPage","@id":"https:\/\/www.boisdesreves.be\/en\/activities\/barbecue\/","url":"https:\/\/www.boisdesreves.be\/en\/activities\/barbecue\/","name":"Barbecue at Bois des R\u00eaves - Rent a space for your grills","isPartOf":{"@id":"https:\/\/www.boisdesreves.be\/#website"},"datePublished":"2023-08-07T10:43:07+00:00","dateModified":"2025-05-27T09:43:03+00:00","description":"Host your next barbecue at Bois des R\u00eaves, the ideal venue for outdoor gatherings. With areas for up to 60 people.","breadcrumb":{"@id":"https:\/\/www.boisdesreves.be\/en\/activities\/barbecue\/#breadcrumb"},"inLanguage":"en-US","potentialAction":[{"@type":"ReadAction","target":["https:\/\/www.boisdesreves.be\/en\/activities\/barbecue\/"]}]},{"@type":"BreadcrumbList","@id":"https:\/\/www.boisdesreves.be\/en\/activities\/barbecue\/#breadcrumb","itemListElement":[{"@type":"ListItem","position":1,"name":"Home","item":"https:\/\/www.boisdesreves.be\/"},{"@type":"ListItem","position":2,"name":"Activities","item":"https:\/\/www.boisdesreves.be\/activites\/"},{"@type":"ListItem","position":3,"name":"Barbecue"}]},{"@type":"WebSite","@id":"https:\/\/www.boisdesreves.be\/#website","url":"https:\/\/www.boisdesreves.be\/","name":"Bois des R\u00eaves","description":"Bois des R\u00eaves - Aventure en plein c\u0153ur du Brabant Wallon","publisher":{"@id":"https:\/\/www.boisdesreves.be\/#organization"},"potentialAction":[{"@type":"SearchAction","target":{"@type":"EntryPoint","urlTemplate":"https:\/\/www.boisdesreves.be\/?s={search_term_string}"},"query-input":{"@type":"PropertyValueSpecification","valueRequired":true,"valueName":"search_term_string"}}],"inLanguage":"en-US"},{"@type":"Organization","@id":"https:\/\/www.boisdesreves.be\/#organization","name":"Bois des R\u00eaves","url":"https:\/\/www.boisdesreves.be\/","logo":{"@type":"ImageObject","inLanguage":"en-US","@id":"https:\/\/www.boisdesreves.be\/#\/schema\/logo\/image\/","url":"https:\/\/www.boisdesreves.be\/wp-content\/uploads\/2024\/04\/cropped-BdR_Logo_Without_Tag.png","contentUrl":"https:\/\/www.boisdesreves.be\/wp-content\/uploads\/2024\/04\/cropped-BdR_Logo_Without_Tag.png","width":512,"height":512,"caption":"Bois des R\u00eaves"},"image":{"@id":"https:\/\/www.boisdesreves.be\/#\/schema\/logo\/image\/"},"sameAs":["https:\/\/www.facebook.com\/boisdesrevesottignies"]}]}},"_links":{"self":[{"href":"https:\/\/www.boisdesreves.be\/en\/wp-json\/wp\/v2\/pages\/1086471","targetHints":{"allow":["GET"]}}],"collection":[{"href":"https:\/\/www.boisdesreves.be\/en\/wp-json\/wp\/v2\/pages"}],"about":[{"href":"https:\/\/www.boisdesreves.be\/en\/wp-json\/wp\/v2\/types\/page"}],"author":[{"embeddable":true,"href":"https:\/\/www.boisdesreves.be\/en\/wp-json\/wp\/v2\/users\/1"}],"replies":[{"embeddable":true,"href":"https:\/\/www.boisdesreves.be\/en\/wp-json\/wp\/v2\/comments?post=1086471"}],"version-history":[{"count":0,"href":"https:\/\/www.boisdesreves.be\/en\/wp-json\/wp\/v2\/pages\/1086471\/revisions"}],"up":[{"embeddable":true,"href":"https:\/\/www.boisdesreves.be\/en\/wp-json\/wp\/v2\/pages\/1086466"}],"wp:attachment":[{"href":"https:\/\/www.boisdesreves.be\/en\/wp-json\/wp\/v2\/media?parent=1086471"}],"curies":[{"name":"wp","href":"https:\/\/api.w.org\/{rel}","templated":true}]}}