{"id":1086429,"date":"2023-08-09T15:55:52","date_gmt":"2023-08-09T13:55:52","guid":{"rendered":"https:\/\/www.boisdesreves.be\/team\/"},"modified":"2025-01-07T18:20:27","modified_gmt":"2025-01-07T16:20:27","slug":"team","status":"publish","type":"page","link":"https:\/\/www.boisdesreves.be\/nl\/bois-des-reves\/team\/","title":{"rendered":"Team"},"content":{"rendered":"<p>[et_pb_section fb_built=&#8221;1&#8243; admin_label=&#8221;Page header&#8221; _builder_version=&#8221;4.26.0&#8243; _module_preset=&#8221;default&#8221; background_enable_color=&#8221;off&#8221; use_background_color_gradient=&#8221;on&#8221; background_color_gradient_stops=&#8221;rgba(0,0,0,0.42) 0%|rgba(0,0,0,0.42) 100%&#8221; background_color_gradient_overlays_image=&#8221;on&#8221; background_image=&#8221;https:\/\/www.boisdesreves.be\/wp-content\/uploads\/2023\/11\/bdr-equipe.jpg&#8221; custom_padding=&#8221;0px||0px||true|false&#8221; hover_enabled=&#8221;0&#8243; global_colors_info=&#8221;{}&#8221; sticky_enabled=&#8221;0&#8243; da_is_popup=&#8221;off&#8221; da_exit_intent=&#8221;off&#8221; da_has_close=&#8221;on&#8221; da_alt_close=&#8221;off&#8221; da_dark_close=&#8221;off&#8221; da_not_modal=&#8221;on&#8221; da_is_singular=&#8221;off&#8221; da_with_loader=&#8221;off&#8221; da_has_shadow=&#8221;on&#8221; da_disable_devices=&#8221;off|off|off&#8221;][et_pb_row make_equal=&#8221;on&#8221; _builder_version=&#8221;4.21.0&#8243; _module_preset=&#8221;default&#8221; min_height=&#8221;700px&#8221; height=&#8221;70vh&#8221; custom_padding=&#8221;0px||0px||true|false&#8221; global_colors_info=&#8221;{}&#8221;][et_pb_column type=&#8221;4_4&#8243; _builder_version=&#8221;4.21.0&#8243; _module_preset=&#8221;default&#8221; custom_padding=&#8221;7rem||7rem||true|false&#8221; custom_padding_tablet=&#8221;15rem||15rem||true|false&#8221; custom_padding_phone=&#8221;15rem||15rem||true|false&#8221; custom_padding_last_edited=&#8221;on|desktop&#8221; custom_css_main_element=&#8221;margin:auto&#8221; global_colors_info=&#8221;{}&#8221;][et_pb_text admin_label=&#8221;Subtitle&#8221; _builder_version=&#8221;4.21.0&#8243; _module_preset=&#8221;fd7b561b-8c85-4c7e-ab66-d715483c04a4&#8243; global_colors_info=&#8221;{%22gcid-f85ae0c9-fd65-448b-93e8-9cc62cbcda12%22:%91%22header_text_color%22%93,%22gcid-6445eed1-37c8-4882-a47d-a3f63d28d4f2%22:%91%22link_text_color%22,%22link_text_color%22%93}&#8221;]<\/p>\n<p>Bois des R\u00eaves<\/p>\n<p>[\/et_pb_text][et_pb_text admin_label=&#8221;Title&#8221; _builder_version=&#8221;4.21.0&#8243; _module_preset=&#8221;0003039b-79ee-4180-912b-ede439a2e297&#8243; global_colors_info=&#8221;{%22gcid-f85ae0c9-fd65-448b-93e8-9cc62cbcda12%22:%91%22header_2_text_color%22,%22header_3_text_color%22%93,%22gcid-6445eed1-37c8-4882-a47d-a3f63d28d4f2%22:%91%22link_text_color%22,%22link_text_color%22%93}&#8221;]<\/p>\n<h1><span aria-hidden=\"true\">\u2014<\/span> <span style=\"color: #ffffff;\">Team<\/span><\/h1>\n<p>[\/et_pb_text][\/et_pb_column][\/et_pb_row][\/et_pb_section][et_pb_section fb_built=&#8221;1&#8243; admin_label=&#8221;Content&#8221; module_id=&#8221;contenu-principal&#8221; _builder_version=&#8221;4.25.0&#8243; _module_preset=&#8221;default&#8221; global_colors_info=&#8221;{}&#8221; da_is_popup=&#8221;off&#8221; da_exit_intent=&#8221;off&#8221; da_has_close=&#8221;on&#8221; da_alt_close=&#8221;off&#8221; da_dark_close=&#8221;off&#8221; da_not_modal=&#8221;on&#8221; da_is_singular=&#8221;off&#8221; da_with_loader=&#8221;off&#8221; da_has_shadow=&#8221;on&#8221; da_disable_devices=&#8221;off|off|off&#8221;][et_pb_row admin_label=&#8221;Text&#8221; _builder_version=&#8221;4.21.0&#8243; _module_preset=&#8221;default&#8221; global_colors_info=&#8221;{}&#8221;][et_pb_column type=&#8221;4_4&#8243; _builder_version=&#8221;4.21.0&#8243; _module_preset=&#8221;default&#8221; global_colors_info=&#8221;{}&#8221;][et_pb_text _builder_version=&#8221;4.25.0&#8243; _module_preset=&#8221;8aa5f111-faef-4104-af48-83b100dc9f92&#8243; header_2_font=&#8221;Source Sans Pro|700|||||||&#8221; header_2_font_size=&#8221;18px&#8221; header_2_line_height=&#8221;1.7em&#8221; max_width=&#8221;650px&#8221; global_colors_info=&#8221;{%22gcid-f85ae0c9-fd65-448b-93e8-9cc62cbcda12%22:%91%22header_2_text_color%22%93}&#8221;]<\/p>\n<p>Meer dan dertig mensen werken elke dag gepassioneerd in Bois des R\u00eaves om je een steeds spannendere en rustgevende site te bieden. Van het team van tuiniers tot het administratief personeel, van het receptie- en cateringpersoneel tot het technische- en onderhoudsteam, ze werken allemaal om dit stukje natuurpracht, dat ook van jou is, te behouden en te waarderen. Laten we samen de verschillende teams ontdekken!  <\/p>\n<h2>Groene ruimtes<\/h2>\n<p>Bij Bois des R\u00eaves laten we ons leiden door een doordacht beheer van de natuur. We minimaliseren menselijk ingrijpen zoveel mogelijk. Niettemin is er geen gebrek aan werk om het domein te onderhouden en de toegankelijkheid en veiligheid voor bezoekers van alle leeftijden te garanderen.  <\/p>\n<p>Dagelijks onderhoudt ons team van tuiniers de bossen en tuinen. Zonder hen zou het geen domein zijn, maar een jungle. <\/p>\n<h2>Netheid<\/h2>\n<p>Het garanderen van het comfort van bezoekers betekent ook het herstellen van de natuurlijke schoonheid van de site. Met hart en ziel werken onze onderhoudsmedewerkers elke dag om de sporen van de mens uit te wissen. <\/p>\n<h2>Veiligheid<\/h2>\n<p>Je informeren, de rust van je bezoek garanderen, de veiligheid van iedereen en de naleving van de geldende regels &#8211; dit zijn slechts enkele van de taken die ons team van bewakers dagelijks uitvoert.<\/p>\n<h2>Catering<\/h2>\n<p>Voor een gastronomische pauze zijn alle medewerkers van de Brasserie al vanaf &#8217;s ochtends in de weer, zowel in de keuken als in de eetzaal. Op het menu: klaarzetten, voorbereiden, koken en het is aan jou om te proeven! <\/p>\n<h2>Informatie<\/h2>\n<p>Het administratieve team beheert zowel de administratieve meanders als die van onze wandelpaden en waterwegen. Ze verwelkomen je graag en informeren je over alle aspecten van je bezoek aan Bois des R\u00eaves. <\/p>\n<h2>Onderhoud<\/h2>\n<p>Het ontwerpen en aanleggen van infrastructuur die naadloos opgaat in de natuurlijke omgeving, maar ook het onderhouden, vernieuwen en herstellen ervan. Dat is de missie van ons ervaren technische team.<\/p>\n<p>[\/et_pb_text][\/et_pb_column][\/et_pb_row][\/et_pb_section][et_pb_section fb_built=&#8221;1&#8243; admin_label=&#8221;Gallery&#8221; _builder_version=&#8221;4.21.0&#8243; _module_preset=&#8221;default&#8221; overflow-y=&#8221;visible&#8221; custom_margin=&#8221;||||false|false&#8221; custom_padding=&#8221;8px||||false|false&#8221; bottom_divider_style=&#8221;slant&#8221; bottom_divider_color=&#8221;gcid-732bf70e-1304-49c4-8803-7da7f06e9833&#8243; bottom_divider_height=&#8221;500px&#8221; bottom_divider_repeat=&#8221;1x&#8221; border_width_bottom=&#8221;50px&#8221; border_color_bottom=&#8221;gcid-732bf70e-1304-49c4-8803-7da7f06e9833&#8243; locked=&#8221;off&#8221; global_colors_info=&#8221;{%22gcid-732bf70e-1304-49c4-8803-7da7f06e9833%22:%91%22bottom_divider_color%22,%22border_color_bottom%22%93}&#8221; da_is_popup=&#8221;off&#8221; da_exit_intent=&#8221;off&#8221; da_has_close=&#8221;on&#8221; da_alt_close=&#8221;off&#8221; da_dark_close=&#8221;off&#8221; da_not_modal=&#8221;on&#8221; da_is_singular=&#8221;off&#8221; da_with_loader=&#8221;off&#8221; da_has_shadow=&#8221;on&#8221; da_disable_devices=&#8221;off|off|off&#8221;][et_pb_row _builder_version=&#8221;4.24.3&#8243; _module_preset=&#8221;default&#8221; background_enable_color=&#8221;off&#8221; z_index=&#8221;2&#8243; width_tablet=&#8221;&#8221; width_phone=&#8221;100%&#8221; width_last_edited=&#8221;on|phone&#8221; overflow-y=&#8221;visible&#8221; custom_margin=&#8221;||||false|false&#8221; global_colors_info=&#8221;{}&#8221;][et_pb_column type=&#8221;4_4&#8243; _builder_version=&#8221;4.21.0&#8243; _module_preset=&#8221;default&#8221; global_colors_info=&#8221;{}&#8221;][dsm_masonry_gallery gallery_ids=&#8221;1086016,1085805,1085802&#8243; dsm_sort_images=&#8221;off&#8221; columns=&#8221;2&#8243; use_horizontal_order=&#8221;off&#8221; _builder_version=&#8221;4.24.3&#8243; _module_preset=&#8221;default&#8221; global_colors_info=&#8221;{}&#8221;][\/dsm_masonry_gallery][\/et_pb_column][\/et_pb_row][\/et_pb_section][et_pb_section fb_built=&#8221;1&#8243; fullwidth=&#8221;on&#8221; admin_label=&#8221;Fullwidth image&#8221; _builder_version=&#8221;4.24.3&#8243; _module_preset=&#8221;default&#8221; background_image=&#8221;https:\/\/www.boisdesreves.be\/wp-content\/uploads\/2023\/11\/bdr-equipe-0.jpg&#8221; custom_margin=&#8221;||||false|false&#8221; custom_padding=&#8221;14rem||14rem||true|false&#8221; locked=&#8221;off&#8221; global_colors_info=&#8221;{}&#8221; custom_css_main_element_last_edited=&#8221;on|phone&#8221; custom_css_main_element_phone=&#8221;padding-top: 10rem !important;||padding-bottom: 10rem !important;&#8221; da_is_popup=&#8221;off&#8221; da_exit_intent=&#8221;off&#8221; da_has_close=&#8221;on&#8221; da_alt_close=&#8221;off&#8221; da_dark_close=&#8221;off&#8221; da_not_modal=&#8221;on&#8221; da_is_singular=&#8221;off&#8221; da_with_loader=&#8221;off&#8221; da_has_shadow=&#8221;on&#8221; da_disable_devices=&#8221;off|off|off&#8221;][\/et_pb_section]<\/p>\n","protected":false},"excerpt":{"rendered":"<p>Bois des R\u00eaves\u2014 TeamMeer dan dertig mensen werken elke dag gepassioneerd in Bois des R\u00eaves om je een steeds spannendere en rustgevende site te bieden. Van het team van tuiniers tot het administratief personeel, van het receptie- en cateringpersoneel tot het technische- en onderhoudsteam, ze werken allemaal om dit stukje natuurpracht, dat ook van jou is, te behouden en te waarderen. Laten we samen de verschillende teams ontdekken! Groene ruimtes Bij Bois des R\u00eaves laten we ons leiden door een doordacht beheer van de natuur. We minimaliseren menselijk ingrijpen zoveel mogelijk. Niettemin is er geen gebrek aan werk om het domein te onderhouden en de toegankelijkheid en veiligheid voor bezoekers van alle leeftijden te garanderen. Dagelijks onderhoudt ons team van tuiniers de bossen en tuinen. Zonder hen zou het geen domein zijn, maar een jungle. Netheid Het garanderen van het comfort van bezoekers betekent ook het herstellen van de natuurlijke schoonheid van de site. Met hart en ziel werken onze onderhoudsmedewerkers elke dag om de sporen van de mens uit te wissen. Veiligheid Je informeren, de rust van je bezoek garanderen, de veiligheid van iedereen en de naleving van de geldende regels &#8211; dit zijn slechts enkele van de taken [&hellip;]<\/p>\n","protected":false},"author":1,"featured_media":0,"parent":1086433,"menu_order":0,"comment_status":"closed","ping_status":"closed","template":"","meta":{"_acf_changed":false,"_et_pb_use_builder":"on","_et_pb_old_content":"","_et_gb_content_width":"","footnotes":""},"class_list":["post-1086429","page","type-page","status-publish","hentry"],"acf":[],"yoast_head":"<!-- This site is optimized with the Yoast SEO plugin v24.2 - https:\/\/yoast.com\/wordpress\/plugins\/seo\/ -->\n<title>Maak kennis met het team van Bois Des R\u00eaves - Passie en betrokkenheid<\/title>\n<meta name=\"description\" content=\"Ontdek de gezichten achter het Bois des R\u00eaves: meer dan dertig professionals die zich toeleggen op specifieke functies. Ontdek hier meer.\" \/>\n<meta name=\"robots\" content=\"index, follow, max-snippet:-1, max-image-preview:large, max-video-preview:-1\" \/>\n<link rel=\"canonical\" href=\"https:\/\/www.boisdesreves.be\/bois-des-reves\/equipe\/\" \/>\n<meta property=\"og:locale\" content=\"nl_NL\" \/>\n<meta property=\"og:type\" content=\"article\" \/>\n<meta property=\"og:title\" content=\"Maak kennis met het team van Bois Des R\u00eaves - Passie en betrokkenheid\" \/>\n<meta property=\"og:description\" content=\"Ontdek de gezichten achter het Bois des R\u00eaves: meer dan dertig professionals die zich toeleggen op specifieke functies. Ontdek hier meer.\" \/>\n<meta property=\"og:url\" content=\"https:\/\/www.boisdesreves.be\/bois-des-reves\/equipe\/\" \/>\n<meta property=\"og:site_name\" content=\"Bois des R\u00eaves\" \/>\n<meta property=\"article:publisher\" content=\"https:\/\/www.facebook.com\/boisdesrevesottignies\" \/>\n<meta property=\"article:modified_time\" content=\"2025-01-07T16:20:27+00:00\" \/>\n<meta property=\"og:image\" content=\"https:\/\/www.boisdesreves.be\/wp-content\/uploads\/2023\/05\/BdR_Logotype__Couleurs_rvb.png\" \/>\n\t<meta property=\"og:image:width\" content=\"618\" \/>\n\t<meta property=\"og:image:height\" content=\"238\" \/>\n\t<meta property=\"og:image:type\" content=\"image\/png\" \/>\n<meta name=\"twitter:card\" content=\"summary_large_image\" \/>\n<meta name=\"twitter:label1\" content=\"Geschatte leestijd\" \/>\n\t<meta name=\"twitter:data1\" content=\"5 minuten\" \/>\n<script type=\"application\/ld+json\" class=\"yoast-schema-graph\">{\"@context\":\"https:\/\/schema.org\",\"@graph\":[{\"@type\":\"WebPage\",\"@id\":\"https:\/\/www.boisdesreves.be\/bois-des-reves\/equipe\/\",\"url\":\"https:\/\/www.boisdesreves.be\/bois-des-reves\/equipe\/\",\"name\":\"Maak kennis met het team van Bois Des R\u00eaves - Passie en betrokkenheid\",\"isPartOf\":{\"@id\":\"https:\/\/www.boisdesreves.be\/#website\"},\"datePublished\":\"2023-08-09T13:55:52+00:00\",\"dateModified\":\"2025-01-07T16:20:27+00:00\",\"description\":\"Ontdek de gezichten achter het Bois des R\u00eaves: meer dan dertig professionals die zich toeleggen op specifieke functies. Ontdek hier meer.\",\"breadcrumb\":{\"@id\":\"https:\/\/www.boisdesreves.be\/bois-des-reves\/equipe\/#breadcrumb\"},\"inLanguage\":\"nl-NL\",\"potentialAction\":[{\"@type\":\"ReadAction\",\"target\":[\"https:\/\/www.boisdesreves.be\/bois-des-reves\/equipe\/\"]}]},{\"@type\":\"BreadcrumbList\",\"@id\":\"https:\/\/www.boisdesreves.be\/bois-des-reves\/equipe\/#breadcrumb\",\"itemListElement\":[{\"@type\":\"ListItem\",\"position\":1,\"name\":\"Home\",\"item\":\"https:\/\/www.boisdesreves.be\/\"},{\"@type\":\"ListItem\",\"position\":2,\"name\":\"Bois des R\u00eaves\",\"item\":\"https:\/\/www.boisdesreves.be\/bois-des-reves\/\"},{\"@type\":\"ListItem\",\"position\":3,\"name\":\"Team\"}]},{\"@type\":\"WebSite\",\"@id\":\"https:\/\/www.boisdesreves.be\/#website\",\"url\":\"https:\/\/www.boisdesreves.be\/\",\"name\":\"Bois des R\u00eaves\",\"description\":\"Bois des R\u00eaves - Aventure en plein c\u0153ur du Brabant Wallon\",\"publisher\":{\"@id\":\"https:\/\/www.boisdesreves.be\/#organization\"},\"potentialAction\":[{\"@type\":\"SearchAction\",\"target\":{\"@type\":\"EntryPoint\",\"urlTemplate\":\"https:\/\/www.boisdesreves.be\/?s={search_term_string}\"},\"query-input\":{\"@type\":\"PropertyValueSpecification\",\"valueRequired\":true,\"valueName\":\"search_term_string\"}}],\"inLanguage\":\"nl-NL\"},{\"@type\":\"Organization\",\"@id\":\"https:\/\/www.boisdesreves.be\/#organization\",\"name\":\"Bois des R\u00eaves\",\"url\":\"https:\/\/www.boisdesreves.be\/\",\"logo\":{\"@type\":\"ImageObject\",\"inLanguage\":\"nl-NL\",\"@id\":\"https:\/\/www.boisdesreves.be\/#\/schema\/logo\/image\/\",\"url\":\"https:\/\/www.boisdesreves.be\/wp-content\/uploads\/2024\/04\/cropped-BdR_Logo_Without_Tag.png\",\"contentUrl\":\"https:\/\/www.boisdesreves.be\/wp-content\/uploads\/2024\/04\/cropped-BdR_Logo_Without_Tag.png\",\"width\":512,\"height\":512,\"caption\":\"Bois des R\u00eaves\"},\"image\":{\"@id\":\"https:\/\/www.boisdesreves.be\/#\/schema\/logo\/image\/\"},\"sameAs\":[\"https:\/\/www.facebook.com\/boisdesrevesottignies\"]}]}<\/script>\n<!-- \/ Yoast SEO plugin. -->","yoast_head_json":{"title":"Maak kennis met het team van Bois Des R\u00eaves - Passie en betrokkenheid","description":"Ontdek de gezichten achter het Bois des R\u00eaves: meer dan dertig professionals die zich toeleggen op specifieke functies. Ontdek hier meer.","robots":{"index":"index","follow":"follow","max-snippet":"max-snippet:-1","max-image-preview":"max-image-preview:large","max-video-preview":"max-video-preview:-1"},"canonical":"https:\/\/www.boisdesreves.be\/bois-des-reves\/equipe\/","og_locale":"nl_NL","og_type":"article","og_title":"Maak kennis met het team van Bois Des R\u00eaves - Passie en betrokkenheid","og_description":"Ontdek de gezichten achter het Bois des R\u00eaves: meer dan dertig professionals die zich toeleggen op specifieke functies. Ontdek hier meer.","og_url":"https:\/\/www.boisdesreves.be\/bois-des-reves\/equipe\/","og_site_name":"Bois des R\u00eaves","article_publisher":"https:\/\/www.facebook.com\/boisdesrevesottignies","article_modified_time":"2025-01-07T16:20:27+00:00","og_image":[{"width":618,"height":238,"url":"https:\/\/www.boisdesreves.be\/wp-content\/uploads\/2023\/05\/BdR_Logotype__Couleurs_rvb.png","type":"image\/png"}],"twitter_card":"summary_large_image","twitter_misc":{"Geschatte leestijd":"5 minuten"},"schema":{"@context":"https:\/\/schema.org","@graph":[{"@type":"WebPage","@id":"https:\/\/www.boisdesreves.be\/bois-des-reves\/equipe\/","url":"https:\/\/www.boisdesreves.be\/bois-des-reves\/equipe\/","name":"Maak kennis met het team van Bois Des R\u00eaves - Passie en betrokkenheid","isPartOf":{"@id":"https:\/\/www.boisdesreves.be\/#website"},"datePublished":"2023-08-09T13:55:52+00:00","dateModified":"2025-01-07T16:20:27+00:00","description":"Ontdek de gezichten achter het Bois des R\u00eaves: meer dan dertig professionals die zich toeleggen op specifieke functies. Ontdek hier meer.","breadcrumb":{"@id":"https:\/\/www.boisdesreves.be\/bois-des-reves\/equipe\/#breadcrumb"},"inLanguage":"nl-NL","potentialAction":[{"@type":"ReadAction","target":["https:\/\/www.boisdesreves.be\/bois-des-reves\/equipe\/"]}]},{"@type":"BreadcrumbList","@id":"https:\/\/www.boisdesreves.be\/bois-des-reves\/equipe\/#breadcrumb","itemListElement":[{"@type":"ListItem","position":1,"name":"Home","item":"https:\/\/www.boisdesreves.be\/"},{"@type":"ListItem","position":2,"name":"Bois des R\u00eaves","item":"https:\/\/www.boisdesreves.be\/bois-des-reves\/"},{"@type":"ListItem","position":3,"name":"Team"}]},{"@type":"WebSite","@id":"https:\/\/www.boisdesreves.be\/#website","url":"https:\/\/www.boisdesreves.be\/","name":"Bois des R\u00eaves","description":"Bois des R\u00eaves - Aventure en plein c\u0153ur du Brabant Wallon","publisher":{"@id":"https:\/\/www.boisdesreves.be\/#organization"},"potentialAction":[{"@type":"SearchAction","target":{"@type":"EntryPoint","urlTemplate":"https:\/\/www.boisdesreves.be\/?s={search_term_string}"},"query-input":{"@type":"PropertyValueSpecification","valueRequired":true,"valueName":"search_term_string"}}],"inLanguage":"nl-NL"},{"@type":"Organization","@id":"https:\/\/www.boisdesreves.be\/#organization","name":"Bois des R\u00eaves","url":"https:\/\/www.boisdesreves.be\/","logo":{"@type":"ImageObject","inLanguage":"nl-NL","@id":"https:\/\/www.boisdesreves.be\/#\/schema\/logo\/image\/","url":"https:\/\/www.boisdesreves.be\/wp-content\/uploads\/2024\/04\/cropped-BdR_Logo_Without_Tag.png","contentUrl":"https:\/\/www.boisdesreves.be\/wp-content\/uploads\/2024\/04\/cropped-BdR_Logo_Without_Tag.png","width":512,"height":512,"caption":"Bois des R\u00eaves"},"image":{"@id":"https:\/\/www.boisdesreves.be\/#\/schema\/logo\/image\/"},"sameAs":["https:\/\/www.facebook.com\/boisdesrevesottignies"]}]}},"_links":{"self":[{"href":"https:\/\/www.boisdesreves.be\/nl\/wp-json\/wp\/v2\/pages\/1086429","targetHints":{"allow":["GET"]}}],"collection":[{"href":"https:\/\/www.boisdesreves.be\/nl\/wp-json\/wp\/v2\/pages"}],"about":[{"href":"https:\/\/www.boisdesreves.be\/nl\/wp-json\/wp\/v2\/types\/page"}],"author":[{"embeddable":true,"href":"https:\/\/www.boisdesreves.be\/nl\/wp-json\/wp\/v2\/users\/1"}],"replies":[{"embeddable":true,"href":"https:\/\/www.boisdesreves.be\/nl\/wp-json\/wp\/v2\/comments?post=1086429"}],"version-history":[{"count":0,"href":"https:\/\/www.boisdesreves.be\/nl\/wp-json\/wp\/v2\/pages\/1086429\/revisions"}],"up":[{"embeddable":true,"href":"https:\/\/www.boisdesreves.be\/nl\/wp-json\/wp\/v2\/pages\/1086433"}],"wp:attachment":[{"href":"https:\/\/www.boisdesreves.be\/nl\/wp-json\/wp\/v2\/media?parent=1086429"}],"curies":[{"name":"wp","href":"https:\/\/api.w.org\/{rel}","templated":true}]}}