{"id":1086431,"date":"2023-08-09T18:10:20","date_gmt":"2023-08-09T16:10:20","guid":{"rendered":"https:\/\/www.boisdesreves.be\/partners\/"},"modified":"2025-02-05T17:41:34","modified_gmt":"2025-02-05T16:41:34","slug":"partners","status":"publish","type":"page","link":"https:\/\/www.boisdesreves.be\/nl\/bois-des-reves\/partners\/","title":{"rendered":"Partners"},"content":{"rendered":"<p>[et_pb_section fb_built=&#8221;1&#8243; admin_label=&#8221;Page header&#8221; _builder_version=&#8221;4.26.0&#8243; _module_preset=&#8221;default&#8221; background_enable_color=&#8221;off&#8221; use_background_color_gradient=&#8221;on&#8221; background_color_gradient_stops=&#8221;rgba(0,0,0,0.42) 0%|rgba(0,0,0,0.42) 100%&#8221; background_color_gradient_overlays_image=&#8221;on&#8221; background_image=&#8221;https:\/\/www.boisdesreves.be\/wp-content\/uploads\/2024\/04\/bdr-partenaire-footer.jpg&#8221; background_position=&#8221;bottom_center&#8221; custom_padding=&#8221;0px||0px||true|false&#8221; da_disable_devices=&#8221;off|off|off&#8221; global_colors_info=&#8221;{}&#8221; da_is_popup=&#8221;off&#8221; da_exit_intent=&#8221;off&#8221; da_has_close=&#8221;on&#8221; da_alt_close=&#8221;off&#8221; da_dark_close=&#8221;off&#8221; da_not_modal=&#8221;on&#8221; da_is_singular=&#8221;off&#8221; da_with_loader=&#8221;off&#8221; da_has_shadow=&#8221;on&#8221;][et_pb_row make_equal=&#8221;on&#8221; _builder_version=&#8221;4.21.0&#8243; _module_preset=&#8221;default&#8221; min_height=&#8221;700px&#8221; height=&#8221;70vh&#8221; custom_padding=&#8221;0px||0px||true|false&#8221; global_colors_info=&#8221;{}&#8221;][et_pb_column type=&#8221;4_4&#8243; _builder_version=&#8221;4.21.0&#8243; _module_preset=&#8221;default&#8221; custom_padding=&#8221;7rem||7rem||true|false&#8221; custom_padding_tablet=&#8221;15rem||15rem||true|false&#8221; custom_padding_phone=&#8221;15rem||15rem||true|false&#8221; custom_padding_last_edited=&#8221;on|desktop&#8221; custom_css_main_element=&#8221;margin:auto&#8221; global_colors_info=&#8221;{}&#8221;][et_pb_text admin_label=&#8221;Subtitle&#8221; _builder_version=&#8221;4.21.0&#8243; _module_preset=&#8221;fd7b561b-8c85-4c7e-ab66-d715483c04a4&#8243; global_colors_info=&#8221;{%22gcid-f85ae0c9-fd65-448b-93e8-9cc62cbcda12%22:%91%22header_text_color%22%93,%22gcid-6445eed1-37c8-4882-a47d-a3f63d28d4f2%22:%91%22link_text_color%22,%22link_text_color%22%93}&#8221;]<\/p>\n<p>Bois des R\u00eaves<\/p>\n<p>[\/et_pb_text][et_pb_text admin_label=&#8221;Title&#8221; _builder_version=&#8221;4.24.3&#8243; _module_preset=&#8221;0003039b-79ee-4180-912b-ede439a2e297&#8243; header_font_size_phone=&#8221;2.5rem&#8221; global_colors_info=&#8221;{%22gcid-f85ae0c9-fd65-448b-93e8-9cc62cbcda12%22:%91%22header_2_text_color%22,%22header_3_text_color%22%93,%22gcid-6445eed1-37c8-4882-a47d-a3f63d28d4f2%22:%91%22link_text_color%22,%22link_text_color%22%93}&#8221;]<\/p>\n<h1><span aria-hidden=\"true\">\u2014<\/span> <span style=\"color: #ffffff;\">Partners<\/span><\/h1>\n<p>[\/et_pb_text][\/et_pb_column][\/et_pb_row][\/et_pb_section][et_pb_section fb_built=&#8221;1&#8243; admin_label=&#8221;Content&#8221; module_id=&#8221;contenu-principal&#8221; _builder_version=&#8221;4.25.0&#8243; _module_preset=&#8221;default&#8221; da_disable_devices=&#8221;off|off|off&#8221; global_colors_info=&#8221;{}&#8221; da_is_popup=&#8221;off&#8221; da_exit_intent=&#8221;off&#8221; da_has_close=&#8221;on&#8221; da_alt_close=&#8221;off&#8221; da_dark_close=&#8221;off&#8221; da_not_modal=&#8221;on&#8221; da_is_singular=&#8221;off&#8221; da_with_loader=&#8221;off&#8221; da_has_shadow=&#8221;on&#8221;][et_pb_row column_structure=&#8221;1_2,1_2&#8243; _builder_version=&#8221;4.21.0&#8243; _module_preset=&#8221;default&#8221; global_colors_info=&#8221;{}&#8221;][et_pb_column type=&#8221;1_2&#8243; _builder_version=&#8221;4.21.0&#8243; _module_preset=&#8221;default&#8221; global_colors_info=&#8221;{}&#8221;][et_pb_blurb title=&#8221;Water- en Fonteinmuseum&#8221; image=&#8221;https:\/\/www.boisdesreves.be\/wp-content\/uploads\/2023\/11\/bdr-partenaires-1-e1699462358424.jpg&#8221; _builder_version=&#8221;4.21.0&#8243; _module_preset=&#8221;6fc918a0-fae1-428b-b3c5-30f1f7e1084f&#8221; title_text=&#8221;bdr-partenaires-1&#8243; global_colors_info=&#8221;{%22gcid-f85ae0c9-fd65-448b-93e8-9cc62cbcda12%22:%91%22header_text_color%22%93}&#8221;]<\/p>\n<p>Het Water- en Fonteinmuseum maakt deel uit van een reflectie over de uitdagingen die verband houden met water en wil jong en oud sensibiliseren. Door de nadruk te leggen op school- en intergenerationele activiteiten nodigt het schoolklassen en gezinnen uit om de rijkdom van water, de bron van het leven, te ontdekken. <\/p>\n<p>Luister naar het geruis van de fonteinen in de &#8220;Clos des Fontaines&#8221;, ingehuldigd ter gelegenheid van de 30e verjaardag van het museum. Hier kun je leren hoe pompen, waterputten, de schroef van Archimedes en andere watergerelateerde machines werken. <\/p>\n<p><a href=\"https:\/\/lemuseedeleauetdelafontaine.be\">https:\/\/lemuseedeleauetdelafontaine.be<\/a><\/p>\n<p>[\/et_pb_blurb][\/et_pb_column][et_pb_column type=&#8221;1_2&#8243; _builder_version=&#8221;4.24.3&#8243; _module_preset=&#8221;default&#8221; custom_padding_tablet=&#8221;&#8221; custom_padding_phone=&#8221;2rem||||false|false&#8221; custom_padding_last_edited=&#8221;on|phone&#8221; global_colors_info=&#8221;{}&#8221;][et_pb_blurb title=&#8221;Birds Bay&#8221; image=&#8221;https:\/\/www.boisdesreves.be\/wp-content\/uploads\/2023\/11\/bdr-partenaires-2.jpg&#8221; _builder_version=&#8221;4.21.0&#8243; _module_preset=&#8221;6fc918a0-fae1-428b-b3c5-30f1f7e1084f&#8221; title_text=&#8221;bdr-partenaires-2&#8243; global_colors_info=&#8221;{%22gcid-f85ae0c9-fd65-448b-93e8-9cc62cbcda12%22:%91%22header_text_color%22%93}&#8221;]<\/p>\n<p>Hoewel je met de naam zou kunnen vermoeden dat de activiteiten zich beperken tot vogels, is Birds Bay vzw in feite een ziekenhuis dat wilde dieren in nood opvangt, zowel vogels als kleine zoogdieren.<\/p>\n<p>De belangrijkste missie van dit rehabilitatiecentrum is om de best mogelijke zorg te bieden aan <strong>wilde dieren uit Belgi\u00eb die in een natuurlijke omgeving leven<\/strong> (in tegenstelling tot huisdieren die het centrum niet opvangt), om ze daarna in betere conditie in hun natuurlijke omgeving terug vrij te laten.<\/p>\n<p>Het centrum is uitsluitend toegankelijk om een dier af te leveren. Neem vooraf telefonisch contact met het centrum op om er zeker van te zijn dat Birds Bay voldoende capaciteit heeft om je dier op te vangen. <\/p>\n<p><em>Birds Bay is door het Waalse Gewest erkend als Centre de Revalidation des Esp\u00e8ces Animales Vivant \u00e0 l&#8217;Etat Sauvage (C.R.E.A.V.E.S).<\/em><\/p>\n<p><a href=\"https:\/\/www.birdsbay.net\">https:\/\/www.birdsbay.net<\/a><\/p>\n<p>[\/et_pb_blurb][\/et_pb_column][\/et_pb_row][et_pb_row column_structure=&#8221;1_2,1_2&#8243; _builder_version=&#8221;4.21.0&#8243; _module_preset=&#8221;default&#8221; global_colors_info=&#8221;{}&#8221;][et_pb_column type=&#8221;1_2&#8243; _builder_version=&#8221;4.21.0&#8243; _module_preset=&#8221;default&#8221; global_colors_info=&#8221;{}&#8221;][et_pb_blurb title=&#8221;Mouch&#039;ti Braban\u00e7on&#8221; image=&#8221;https:\/\/www.boisdesreves.be\/wp-content\/uploads\/2023\/11\/bdr-partenaires-3-e1699462395448.jpg&#8221; _builder_version=&#8221;4.25.0&#8243; _module_preset=&#8221;6fc918a0-fae1-428b-b3c5-30f1f7e1084f&#8221; title_text=&#8221;bdr-partenaires-3&#8243; global_colors_info=&#8221;{%22gcid-f85ae0c9-fd65-448b-93e8-9cc62cbcda12%22:%91%22header_text_color%22%93}&#8221;]De vzw beheert <strong>een educatieve bijenstal met meer dan tien bijenkasten<\/strong> in Bois des R\u00eaves. De belangrijkste doelstellingen zijn schoolkinderen bewust te maken van het leven van bijen en, door middel van een reeks cursussen verspreid over twee jaar, toekomstige imkers op te leiden in deze fascinerende hobby. Schoolbezoeken zijn alleen mogelijk of afspraak.<\/p>\n<p> <\/p>\n<p><a href=\"https:\/\/mouchti.org\">https:\/\/mouchti.org<br \/>\n <\/a><\/p>\n<p>&nbsp;[\/et_pb_blurb][\/et_pb_column][et_pb_column type=&#8221;1_2&#8243; _builder_version=&#8221;4.21.0&#8243; _module_preset=&#8221;default&#8221; global_colors_info=&#8221;{}&#8221;][\/et_pb_column][\/et_pb_row][\/et_pb_section][et_pb_section fb_built=&#8221;1&#8243; disabled_on=&#8221;on|on|on&#8221; admin_label=&#8221;Gallery&#8221; _builder_version=&#8221;4.21.0&#8243; _module_preset=&#8221;default&#8221; overflow-y=&#8221;visible&#8221; custom_margin=&#8221;||||false|false&#8221; custom_padding=&#8221;8px||||false|false&#8221; bottom_divider_style=&#8221;slant&#8221; bottom_divider_color=&#8221;gcid-732bf70e-1304-49c4-8803-7da7f06e9833&#8243; bottom_divider_height=&#8221;500px&#8221; bottom_divider_repeat=&#8221;1x&#8221; da_disable_devices=&#8221;off|off|off&#8221; border_width_bottom=&#8221;50px&#8221; border_color_bottom=&#8221;gcid-732bf70e-1304-49c4-8803-7da7f06e9833&#8243; disabled=&#8221;on&#8221; locked=&#8221;off&#8221; global_colors_info=&#8221;{%22gcid-732bf70e-1304-49c4-8803-7da7f06e9833%22:%91%22bottom_divider_color%22,%22border_color_bottom%22%93}&#8221; da_is_popup=&#8221;off&#8221; da_exit_intent=&#8221;off&#8221; da_has_close=&#8221;on&#8221; da_alt_close=&#8221;off&#8221; da_dark_close=&#8221;off&#8221; da_not_modal=&#8221;on&#8221; da_is_singular=&#8221;off&#8221; da_with_loader=&#8221;off&#8221; da_has_shadow=&#8221;on&#8221;][et_pb_row _builder_version=&#8221;4.24.3&#8243; _module_preset=&#8221;default&#8221; background_enable_color=&#8221;off&#8221; z_index=&#8221;2&#8243; overflow-y=&#8221;visible&#8221; custom_margin=&#8221;||||false|false&#8221; global_colors_info=&#8221;{}&#8221;][et_pb_column type=&#8221;4_4&#8243; _builder_version=&#8221;4.21.0&#8243; _module_preset=&#8221;default&#8221; global_colors_info=&#8221;{}&#8221;][dsm_masonry_gallery gallery_ids=&#8221;1085589,1085578,72,70&#8243; dsm_sort_images=&#8221;off&#8221; columns=&#8221;2&#8243; use_horizontal_order=&#8221;off&#8221; _builder_version=&#8221;4.21.0&#8243; _module_preset=&#8221;default&#8221; global_colors_info=&#8221;{}&#8221;][\/dsm_masonry_gallery][\/et_pb_column][\/et_pb_row][\/et_pb_section][et_pb_section fb_built=&#8221;1&#8243; fullwidth=&#8221;on&#8221; admin_label=&#8221;Fullwidth image&#8221; _builder_version=&#8221;4.25.0&#8243; _module_preset=&#8221;default&#8221; background_image=&#8221;https:\/\/www.boisdesreves.be\/wp-content\/uploads\/2023\/11\/bdr-footer-9.jpg&#8221; custom_margin=&#8221;||||false|false&#8221; custom_padding=&#8221;14rem||14rem||true|false&#8221; filter_saturate=&#8221;110%&#8221; da_disable_devices=&#8221;off|off|off&#8221; locked=&#8221;off&#8221; global_colors_info=&#8221;{}&#8221; custom_css_main_element_last_edited=&#8221;on|phone&#8221; custom_css_main_element_phone=&#8221;padding-top: 10rem !important;||padding-bottom: 10rem !important;&#8221; da_is_popup=&#8221;off&#8221; da_exit_intent=&#8221;off&#8221; da_has_close=&#8221;on&#8221; da_alt_close=&#8221;off&#8221; da_dark_close=&#8221;off&#8221; da_not_modal=&#8221;on&#8221; da_is_singular=&#8221;off&#8221; da_with_loader=&#8221;off&#8221; da_has_shadow=&#8221;on&#8221;][\/et_pb_section]<\/p>\n","protected":false},"excerpt":{"rendered":"<p>Bois des R\u00eaves\u2014 PartnersHet Water- en Fonteinmuseum maakt deel uit van een reflectie over de uitdagingen die verband houden met water en wil jong en oud sensibiliseren. Door de nadruk te leggen op school- en intergenerationele activiteiten nodigt het schoolklassen en gezinnen uit om de rijkdom van water, de bron van het leven, te ontdekken. Luister naar het geruis van de fonteinen in de &#8220;Clos des Fontaines&#8221;, ingehuldigd ter gelegenheid van de 30e verjaardag van het museum. Hier kun je leren hoe pompen, waterputten, de schroef van Archimedes en andere watergerelateerde machines werken. https:\/\/lemuseedeleauetdelafontaine.beHoewel je met de naam zou kunnen vermoeden dat de activiteiten zich beperken tot vogels, is Birds Bay vzw in feite een ziekenhuis dat wilde dieren in nood opvangt, zowel vogels als kleine zoogdieren. De belangrijkste missie van dit rehabilitatiecentrum is om de best mogelijke zorg te bieden aan wilde dieren uit Belgi\u00eb die in een natuurlijke omgeving leven (in tegenstelling tot huisdieren die het centrum niet opvangt), om ze daarna in betere conditie in hun natuurlijke omgeving terug vrij te laten. Het centrum is uitsluitend toegankelijk om een dier af te leveren. Neem vooraf telefonisch contact met het centrum op om er zeker van te zijn [&hellip;]<\/p>\n","protected":false},"author":1,"featured_media":0,"parent":1086433,"menu_order":0,"comment_status":"closed","ping_status":"closed","template":"","meta":{"_acf_changed":false,"_et_pb_use_builder":"on","_et_pb_old_content":"","_et_gb_content_width":"","footnotes":""},"class_list":["post-1086431","page","type-page","status-publish","hentry"],"acf":[],"yoast_head":"<!-- This site is optimized with the Yoast SEO plugin v24.2 - https:\/\/yoast.com\/wordpress\/plugins\/seo\/ -->\n<title>Partners - Bois des R\u00eaves<\/title>\n<meta name=\"description\" content=\"Kom meer te weten over de partners van Bois des R\u00eaves, die je bezoek verrijken met hun educatieve en milieu-initiatieven.\" \/>\n<meta name=\"robots\" content=\"index, follow, max-snippet:-1, max-image-preview:large, max-video-preview:-1\" \/>\n<link rel=\"canonical\" href=\"https:\/\/www.boisdesreves.be\/nl\/bois-des-reves\/partners\/\" \/>\n<meta property=\"og:locale\" content=\"nl_NL\" \/>\n<meta property=\"og:type\" content=\"article\" \/>\n<meta property=\"og:title\" content=\"Partners - Bois des R\u00eaves\" \/>\n<meta property=\"og:description\" content=\"Kom meer te weten over de partners van Bois des R\u00eaves, die je bezoek verrijken met hun educatieve en milieu-initiatieven.\" \/>\n<meta property=\"og:url\" content=\"https:\/\/www.boisdesreves.be\/nl\/bois-des-reves\/partners\/\" \/>\n<meta property=\"og:site_name\" content=\"Bois des R\u00eaves\" \/>\n<meta property=\"article:publisher\" content=\"https:\/\/www.facebook.com\/boisdesrevesottignies\" \/>\n<meta property=\"article:modified_time\" content=\"2025-02-05T16:41:34+00:00\" \/>\n<meta property=\"og:image\" content=\"https:\/\/www.boisdesreves.be\/wp-content\/uploads\/2023\/05\/BdR_Logotype__Couleurs_rvb.png\" \/>\n\t<meta property=\"og:image:width\" content=\"618\" \/>\n\t<meta property=\"og:image:height\" content=\"238\" \/>\n\t<meta property=\"og:image:type\" content=\"image\/png\" \/>\n<meta name=\"twitter:card\" content=\"summary_large_image\" \/>\n<meta name=\"twitter:label1\" content=\"Geschatte leestijd\" \/>\n\t<meta name=\"twitter:data1\" content=\"6 minuten\" \/>\n<script type=\"application\/ld+json\" class=\"yoast-schema-graph\">{\"@context\":\"https:\/\/schema.org\",\"@graph\":[{\"@type\":\"WebPage\",\"@id\":\"https:\/\/www.boisdesreves.be\/nl\/bois-des-reves\/partners\/\",\"url\":\"https:\/\/www.boisdesreves.be\/nl\/bois-des-reves\/partners\/\",\"name\":\"Partners - Bois des R\u00eaves\",\"isPartOf\":{\"@id\":\"https:\/\/www.boisdesreves.be\/#website\"},\"datePublished\":\"2023-08-09T16:10:20+00:00\",\"dateModified\":\"2025-02-05T16:41:34+00:00\",\"description\":\"Kom meer te weten over de partners van Bois des R\u00eaves, die je bezoek verrijken met hun educatieve en milieu-initiatieven.\",\"breadcrumb\":{\"@id\":\"https:\/\/www.boisdesreves.be\/nl\/bois-des-reves\/partners\/#breadcrumb\"},\"inLanguage\":\"nl-NL\",\"potentialAction\":[{\"@type\":\"ReadAction\",\"target\":[\"https:\/\/www.boisdesreves.be\/nl\/bois-des-reves\/partners\/\"]}]},{\"@type\":\"BreadcrumbList\",\"@id\":\"https:\/\/www.boisdesreves.be\/nl\/bois-des-reves\/partners\/#breadcrumb\",\"itemListElement\":[{\"@type\":\"ListItem\",\"position\":1,\"name\":\"Home\",\"item\":\"https:\/\/www.boisdesreves.be\/\"},{\"@type\":\"ListItem\",\"position\":2,\"name\":\"Bois des R\u00eaves\",\"item\":\"https:\/\/www.boisdesreves.be\/bois-des-reves\/\"},{\"@type\":\"ListItem\",\"position\":3,\"name\":\"Partners\"}]},{\"@type\":\"WebSite\",\"@id\":\"https:\/\/www.boisdesreves.be\/#website\",\"url\":\"https:\/\/www.boisdesreves.be\/\",\"name\":\"Bois des R\u00eaves\",\"description\":\"Bois des R\u00eaves - Aventure en plein c\u0153ur du Brabant Wallon\",\"publisher\":{\"@id\":\"https:\/\/www.boisdesreves.be\/#organization\"},\"potentialAction\":[{\"@type\":\"SearchAction\",\"target\":{\"@type\":\"EntryPoint\",\"urlTemplate\":\"https:\/\/www.boisdesreves.be\/?s={search_term_string}\"},\"query-input\":{\"@type\":\"PropertyValueSpecification\",\"valueRequired\":true,\"valueName\":\"search_term_string\"}}],\"inLanguage\":\"nl-NL\"},{\"@type\":\"Organization\",\"@id\":\"https:\/\/www.boisdesreves.be\/#organization\",\"name\":\"Bois des R\u00eaves\",\"url\":\"https:\/\/www.boisdesreves.be\/\",\"logo\":{\"@type\":\"ImageObject\",\"inLanguage\":\"nl-NL\",\"@id\":\"https:\/\/www.boisdesreves.be\/#\/schema\/logo\/image\/\",\"url\":\"https:\/\/www.boisdesreves.be\/wp-content\/uploads\/2024\/04\/cropped-BdR_Logo_Without_Tag.png\",\"contentUrl\":\"https:\/\/www.boisdesreves.be\/wp-content\/uploads\/2024\/04\/cropped-BdR_Logo_Without_Tag.png\",\"width\":512,\"height\":512,\"caption\":\"Bois des R\u00eaves\"},\"image\":{\"@id\":\"https:\/\/www.boisdesreves.be\/#\/schema\/logo\/image\/\"},\"sameAs\":[\"https:\/\/www.facebook.com\/boisdesrevesottignies\"]}]}<\/script>\n<!-- \/ Yoast SEO plugin. -->","yoast_head_json":{"title":"Partners - Bois des R\u00eaves","description":"Kom meer te weten over de partners van Bois des R\u00eaves, die je bezoek verrijken met hun educatieve en milieu-initiatieven.","robots":{"index":"index","follow":"follow","max-snippet":"max-snippet:-1","max-image-preview":"max-image-preview:large","max-video-preview":"max-video-preview:-1"},"canonical":"https:\/\/www.boisdesreves.be\/nl\/bois-des-reves\/partners\/","og_locale":"nl_NL","og_type":"article","og_title":"Partners - Bois des R\u00eaves","og_description":"Kom meer te weten over de partners van Bois des R\u00eaves, die je bezoek verrijken met hun educatieve en milieu-initiatieven.","og_url":"https:\/\/www.boisdesreves.be\/nl\/bois-des-reves\/partners\/","og_site_name":"Bois des R\u00eaves","article_publisher":"https:\/\/www.facebook.com\/boisdesrevesottignies","article_modified_time":"2025-02-05T16:41:34+00:00","og_image":[{"width":618,"height":238,"url":"https:\/\/www.boisdesreves.be\/wp-content\/uploads\/2023\/05\/BdR_Logotype__Couleurs_rvb.png","type":"image\/png"}],"twitter_card":"summary_large_image","twitter_misc":{"Geschatte leestijd":"6 minuten"},"schema":{"@context":"https:\/\/schema.org","@graph":[{"@type":"WebPage","@id":"https:\/\/www.boisdesreves.be\/nl\/bois-des-reves\/partners\/","url":"https:\/\/www.boisdesreves.be\/nl\/bois-des-reves\/partners\/","name":"Partners - Bois des R\u00eaves","isPartOf":{"@id":"https:\/\/www.boisdesreves.be\/#website"},"datePublished":"2023-08-09T16:10:20+00:00","dateModified":"2025-02-05T16:41:34+00:00","description":"Kom meer te weten over de partners van Bois des R\u00eaves, die je bezoek verrijken met hun educatieve en milieu-initiatieven.","breadcrumb":{"@id":"https:\/\/www.boisdesreves.be\/nl\/bois-des-reves\/partners\/#breadcrumb"},"inLanguage":"nl-NL","potentialAction":[{"@type":"ReadAction","target":["https:\/\/www.boisdesreves.be\/nl\/bois-des-reves\/partners\/"]}]},{"@type":"BreadcrumbList","@id":"https:\/\/www.boisdesreves.be\/nl\/bois-des-reves\/partners\/#breadcrumb","itemListElement":[{"@type":"ListItem","position":1,"name":"Home","item":"https:\/\/www.boisdesreves.be\/"},{"@type":"ListItem","position":2,"name":"Bois des R\u00eaves","item":"https:\/\/www.boisdesreves.be\/bois-des-reves\/"},{"@type":"ListItem","position":3,"name":"Partners"}]},{"@type":"WebSite","@id":"https:\/\/www.boisdesreves.be\/#website","url":"https:\/\/www.boisdesreves.be\/","name":"Bois des R\u00eaves","description":"Bois des R\u00eaves - Aventure en plein c\u0153ur du Brabant Wallon","publisher":{"@id":"https:\/\/www.boisdesreves.be\/#organization"},"potentialAction":[{"@type":"SearchAction","target":{"@type":"EntryPoint","urlTemplate":"https:\/\/www.boisdesreves.be\/?s={search_term_string}"},"query-input":{"@type":"PropertyValueSpecification","valueRequired":true,"valueName":"search_term_string"}}],"inLanguage":"nl-NL"},{"@type":"Organization","@id":"https:\/\/www.boisdesreves.be\/#organization","name":"Bois des R\u00eaves","url":"https:\/\/www.boisdesreves.be\/","logo":{"@type":"ImageObject","inLanguage":"nl-NL","@id":"https:\/\/www.boisdesreves.be\/#\/schema\/logo\/image\/","url":"https:\/\/www.boisdesreves.be\/wp-content\/uploads\/2024\/04\/cropped-BdR_Logo_Without_Tag.png","contentUrl":"https:\/\/www.boisdesreves.be\/wp-content\/uploads\/2024\/04\/cropped-BdR_Logo_Without_Tag.png","width":512,"height":512,"caption":"Bois des R\u00eaves"},"image":{"@id":"https:\/\/www.boisdesreves.be\/#\/schema\/logo\/image\/"},"sameAs":["https:\/\/www.facebook.com\/boisdesrevesottignies"]}]}},"_links":{"self":[{"href":"https:\/\/www.boisdesreves.be\/nl\/wp-json\/wp\/v2\/pages\/1086431","targetHints":{"allow":["GET"]}}],"collection":[{"href":"https:\/\/www.boisdesreves.be\/nl\/wp-json\/wp\/v2\/pages"}],"about":[{"href":"https:\/\/www.boisdesreves.be\/nl\/wp-json\/wp\/v2\/types\/page"}],"author":[{"embeddable":true,"href":"https:\/\/www.boisdesreves.be\/nl\/wp-json\/wp\/v2\/users\/1"}],"replies":[{"embeddable":true,"href":"https:\/\/www.boisdesreves.be\/nl\/wp-json\/wp\/v2\/comments?post=1086431"}],"version-history":[{"count":0,"href":"https:\/\/www.boisdesreves.be\/nl\/wp-json\/wp\/v2\/pages\/1086431\/revisions"}],"up":[{"embeddable":true,"href":"https:\/\/www.boisdesreves.be\/nl\/wp-json\/wp\/v2\/pages\/1086433"}],"wp:attachment":[{"href":"https:\/\/www.boisdesreves.be\/nl\/wp-json\/wp\/v2\/media?parent=1086431"}],"curies":[{"name":"wp","href":"https:\/\/api.w.org\/{rel}","templated":true}]}}