{"id":1086433,"date":"2023-08-10T11:14:46","date_gmt":"2023-08-10T09:14:46","guid":{"rendered":"https:\/\/www.boisdesreves.be\/bois-des-reves\/"},"modified":"2025-01-07T18:30:19","modified_gmt":"2025-01-07T16:30:19","slug":"bois-des-reves","status":"publish","type":"page","link":"https:\/\/www.boisdesreves.be\/nl\/bois-des-reves\/","title":{"rendered":"Bois des R\u00eaves"},"content":{"rendered":"<p>[et_pb_section fb_built=&#8221;1&#8243; admin_label=&#8221;Page header&#8221; _builder_version=&#8221;4.27.4&#8243; _module_preset=&#8221;default&#8221; background_enable_color=&#8221;off&#8221; use_background_color_gradient=&#8221;on&#8221; background_color_gradient_stops=&#8221;rgba(0,0,0,0.42) 0%|rgba(0,0,0,0.42) 100%&#8221; background_color_gradient_overlays_image=&#8221;on&#8221; background_image=&#8221;https:\/\/www.boisdesreves.be\/wp-content\/uploads\/2023\/05\/Bois-des-Reves_MTBW-8-scaled.jpeg&#8221; custom_padding=&#8221;0px||0px||true|false&#8221; da_disable_devices=&#8221;off|off|off&#8221; global_colors_info=&#8221;{}&#8221; da_is_popup=&#8221;off&#8221; da_exit_intent=&#8221;off&#8221; da_has_close=&#8221;on&#8221; da_alt_close=&#8221;off&#8221; da_dark_close=&#8221;off&#8221; da_not_modal=&#8221;on&#8221; da_is_singular=&#8221;off&#8221; da_with_loader=&#8221;off&#8221; da_has_shadow=&#8221;on&#8221;][et_pb_row make_equal=&#8221;on&#8221; _builder_version=&#8221;4.21.0&#8243; _module_preset=&#8221;default&#8221; min_height=&#8221;700px&#8221; height=&#8221;70vh&#8221; custom_padding=&#8221;0px||0px||true|false&#8221; global_colors_info=&#8221;{}&#8221;][et_pb_column type=&#8221;4_4&#8243; _builder_version=&#8221;4.21.0&#8243; _module_preset=&#8221;default&#8221; custom_padding=&#8221;7rem||7rem||true|false&#8221; custom_padding_tablet=&#8221;15rem||15rem||true|false&#8221; custom_padding_phone=&#8221;15rem||15rem||true|false&#8221; custom_padding_last_edited=&#8221;on|desktop&#8221; custom_css_main_element=&#8221;margin:auto&#8221; global_colors_info=&#8221;{}&#8221;][et_pb_text admin_label=&#8221;Title&#8221; _builder_version=&#8221;4.21.0&#8243; _module_preset=&#8221;0003039b-79ee-4180-912b-ede439a2e297&#8243; global_colors_info=&#8221;{%22gcid-f85ae0c9-fd65-448b-93e8-9cc62cbcda12%22:%91%22header_2_text_color%22,%22header_3_text_color%22%93,%22gcid-6445eed1-37c8-4882-a47d-a3f63d28d4f2%22:%91%22link_text_color%22,%22link_text_color%22%93}&#8221;]<\/p>\n<h1><span aria-hidden=\"true\">\u2014<\/span> <span style=\"color: #ffffff;\">Bois des R\u00eaves<\/span><\/h1>\n<p>[\/et_pb_text][\/et_pb_column][\/et_pb_row][\/et_pb_section][et_pb_section fb_built=&#8221;1&#8243; module_id=&#8221;contenu-principal&#8221; _builder_version=&#8221;4.24.3&#8243; _module_preset=&#8221;default&#8221; da_disable_devices=&#8221;off|off|off&#8221; global_colors_info=&#8221;{}&#8221; da_is_popup=&#8221;off&#8221; da_exit_intent=&#8221;off&#8221; da_has_close=&#8221;on&#8221; da_alt_close=&#8221;off&#8221; da_dark_close=&#8221;off&#8221; da_not_modal=&#8221;on&#8221; da_is_singular=&#8221;off&#8221; da_with_loader=&#8221;off&#8221; da_has_shadow=&#8221;on&#8221;][et_pb_row admin_label=&#8221;Intro&#8221; _builder_version=&#8221;4.21.0&#8243; _module_preset=&#8221;default&#8221; module_alignment=&#8221;center&#8221; custom_margin=&#8221;||2rem||false|false&#8221; locked=&#8221;off&#8221; global_colors_info=&#8221;{}&#8221;][et_pb_column type=&#8221;4_4&#8243; _builder_version=&#8221;4.21.0&#8243; _module_preset=&#8221;default&#8221; global_colors_info=&#8221;{}&#8221;][et_pb_text _builder_version=&#8221;4.21.0&#8243; _module_preset=&#8221;711d26d4-b412-4912-93dc-9460a5dd38b8&#8243; global_colors_info=&#8221;{%22gcid-f85ae0c9-fd65-448b-93e8-9cc62cbcda12%22:%91%22header_2_text_color%22%93}&#8221;]<\/p>\n<p>Hoor je het ritme van de wind in de bladeren? En in de verte die veelbelovende lachbuien? Hoor je het water druppelen, de vogelenzang en de benevelende geur van het kreupelhout? Je droomt niet, je bent in Bois des R\u00eaves.   <\/p>\n<p>[\/et_pb_text][\/et_pb_column][\/et_pb_row][et_pb_row column_structure=&#8221;1_3,1_3,1_3&#8243; module_class=&#8221;activites&#8221; _builder_version=&#8221;4.24.3&#8243; _module_preset=&#8221;default&#8221; global_colors_info=&#8221;{}&#8221;][et_pb_column type=&#8221;1_3&#8243; _builder_version=&#8221;4.21.0&#8243; _module_preset=&#8221;default&#8221; global_colors_info=&#8221;{}&#8221;][dsm_card button_css=&#8221;bdr_link&#8221; title=&#8221;Team&#8221; image=&#8221;https:\/\/www.boisdesreves.be\/wp-content\/uploads\/2023\/11\/bdr-equipe-1024&#215;411.jpg&#8221; button_text=&#8221;Ontdek <span class=%22sr-only%22>het team<\/span>&#8221; button_url=&#8221;https:\/\/www.boisdesreves.be\/nl\/bois-des-reves\/team\/&#8221; button_url_new_window=&#8221;1&#8243; _builder_version=&#8221;4.27.4&#8243; _module_preset=&#8221;default&#8221; hover_enabled=&#8221;0&#8243; global_colors_info=&#8221;{}&#8221; sticky_enabled=&#8221;0&#8243;]<\/p>\n<p>Your content goes here. Edit or remove this text inline or in the module Content settings. You can also style every aspect of this content in the.<\/p>\n<p>[\/dsm_card][\/et_pb_column][et_pb_column type=&#8221;1_3&#8243; _builder_version=&#8221;4.21.0&#8243; _module_preset=&#8221;default&#8221; global_colors_info=&#8221;{}&#8221;][dsm_card button_css=&#8221;bdr_link&#8221; title=&#8221;Fauna en flora&#8221; image=&#8221;https:\/\/www.boisdesreves.be\/wp-content\/uploads\/2023\/11\/bdr-faune-et-flore-1024&#215;576.jpg&#8221; button_text=&#8221;Ontdek <span class=%22sr-only%22>de flora en fauna<\/span>&#8221; button_url=&#8221;https:\/\/www.boisdesreves.be\/nl\/bois-des-reves\/fauna-en-flora\/&#8221; button_url_new_window=&#8221;1&#8243; _builder_version=&#8221;4.27.4&#8243; _module_preset=&#8221;default&#8221; hover_enabled=&#8221;0&#8243; global_colors_info=&#8221;{%22gcid-f85ae0c9-fd65-448b-93e8-9cc62cbcda12%22:%91%22button_bg_color%22%93,%22gcid-732bf70e-1304-49c4-8803-7da7f06e9833%22:%91%22background_color%22%93}&#8221; sticky_enabled=&#8221;0&#8243;]<\/p>\n<p>Your content goes here. Edit or remove this text inline or in the module Content settings. You can also style every aspect of this content in the.<\/p>\n<p>[\/dsm_card][\/et_pb_column][et_pb_column type=&#8221;1_3&#8243; _builder_version=&#8221;4.21.0&#8243; _module_preset=&#8221;default&#8221; global_colors_info=&#8221;{}&#8221;][dsm_card button_css=&#8221;bdr_link&#8221; title=&#8221;Geschiedenis&#8221; image=&#8221;https:\/\/www.boisdesreves.be\/wp-content\/uploads\/2023\/11\/bdr-historique-1024&#215;677.jpg&#8221; image_background_position=&#8221;center_right&#8221; button_text=&#8221;Ontdek <span class=%22sr-only%22>de geschiedenis<\/span>&#8221; button_url=&#8221;\/nl\/bois-des-reves\/geschiedenis&#8221; button_url_new_window=&#8221;1&#8243; _builder_version=&#8221;4.27.4&#8243; _module_preset=&#8221;default&#8221; hover_enabled=&#8221;0&#8243; global_colors_info=&#8221;{%22gcid-f85ae0c9-fd65-448b-93e8-9cc62cbcda12%22:%91%22button_bg_color%22%93,%22gcid-732bf70e-1304-49c4-8803-7da7f06e9833%22:%91%22background_color%22%93}&#8221; sticky_enabled=&#8221;0&#8243;]<\/p>\n<p>Your content goes here. Edit or remove this text inline or in the module Content settings. You can also style every aspect of this content in the.<\/p>\n<p>[\/dsm_card][\/et_pb_column][\/et_pb_row][et_pb_row column_structure=&#8221;1_3,1_3,1_3&#8243; module_class=&#8221;activites&#8221; _builder_version=&#8221;4.24.3&#8243; _module_preset=&#8221;default&#8221; global_colors_info=&#8221;{}&#8221;][et_pb_column type=&#8221;1_3&#8243; _builder_version=&#8221;4.21.0&#8243; _module_preset=&#8221;default&#8221; global_colors_info=&#8221;{}&#8221;][dsm_card button_css=&#8221;bdr_link&#8221; title=&#8221;Partners&#8221; image=&#8221;https:\/\/www.boisdesreves.be\/wp-content\/uploads\/2023\/11\/bdr-footer-9.jpg&#8221; alt=&#8221;Foto met bomen op de voorgrond en het meer op de achtergrond&#8221; button_text=&#8221;Ontdek <span class=%22sr-only%22>onze partners<\/span>&#8221; button_url=&#8221;https:\/\/www.boisdesreves.be\/nl\/bois-des-reves\/partners\/&#8221; button_url_new_window=&#8221;1&#8243; _builder_version=&#8221;4.27.4&#8243; _module_preset=&#8221;default&#8221; hover_enabled=&#8221;0&#8243; global_colors_info=&#8221;{}&#8221; sticky_enabled=&#8221;0&#8243;]<\/p>\n<p>Your content goes here. Edit or remove this text inline or in the module Content settings. You can also style every aspect of this content in the.<\/p>\n<p>[\/dsm_card][\/et_pb_column][et_pb_column type=&#8221;1_3&#8243; _builder_version=&#8221;4.21.0&#8243; _module_preset=&#8221;default&#8221; global_colors_info=&#8221;{}&#8221;][\/et_pb_column][et_pb_column type=&#8221;1_3&#8243; _builder_version=&#8221;4.21.0&#8243; _module_preset=&#8221;default&#8221; global_colors_info=&#8221;{}&#8221;][\/et_pb_column][\/et_pb_row][\/et_pb_section]<\/p>\n","protected":false},"excerpt":{"rendered":"<p>\u2014 Bois des R\u00eavesHoor je het ritme van de wind in de bladeren? En in de verte die veelbelovende lachbuien? Hoor je het water druppelen, de vogelenzang en de benevelende geur van het kreupelhout? Je droomt niet, je bent in Bois des R\u00eaves. <div class=\"et_pb_module dsm_card dsm_card_0 et_pb_bg_layout_light  dsm_card_layout_stacked\">\n\t\t\t\t\n\t\t\t\t\n\t\t\t\t\n\t\t\t\t\n\t\t\t\t\n\t\t\t\t\n\t\t\t\t<div class=\"et_pb_module_inner\">\n\t\t\t\t\t\n\t\t\t\n\t\t\t<figure class=\"dsm_card_image_wrapper dsm_card_badge_top_right\"><div class=\"dsm_card_image_background dsm_card_img\"><\/div><\/figure>\n\t\t\t<div class=\"et_pb_module dsm_card_wrapper et_pb_text_align_left\">\n\t\t\t\t\t\n\t\t\t\t\t<h2 class=\"dsm_card_title et_pb_module_header\">Team<\/h2>\n\t\t\t\t\t\n\t\t\t\t\t<div class=\"dsm_card_description\">Your content goes here. Edit or remove this text inline or in the module Content settings. You can also style every aspect of this content in the.<\/div>\n\t\t\t\t\t<div class=\"et_pb_button_wrapper\"><a class=\"et_pb_button et_pb_more_button bdr_link\" href=\"https:\/\/www.boisdesreves.be\/nl\/bois-des-reves\/team\/\">Ontdek het team<\/a><\/div>\n\t\t\t\t<\/div>\n\t\t\t\n\t\t\t\t<\/div>\n\t\t\t<\/div><div class=\"et_pb_module dsm_card dsm_card_1 et_pb_bg_layout_light  dsm_card_layout_stacked\">\n\t\t\t\t\n\t\t\t\t\n\t\t\t\t\n\t\t\t\t\n\t\t\t\t\n\t\t\t\t\n\t\t\t\t<div class=\"et_pb_module_inner\">\n\t\t\t\t\t\n\t\t\t\n\t\t\t<figure class=\"dsm_card_image_wrapper dsm_card_badge_top_right\"><div class=\"dsm_card_image_background dsm_card_img\"><\/div><\/figure>\n\t\t\t<div class=\"et_pb_module dsm_card_wrapper et_pb_text_align_left\">\n\t\t\t\t\t\n\t\t\t\t\t<h2 class=\"dsm_card_title et_pb_module_header\">Fauna en flora<\/h2>\n\t\t\t\t\t\n\t\t\t\t\t<div class=\"dsm_card_description\">Your content goes here. Edit or remove this text inline or in the module Content settings. You can also style every aspect of this content in the.<\/div>\n\t\t\t\t\t<div class=\"et_pb_button_wrapper\"><a class=\"et_pb_button et_pb_more_button bdr_link\" href=\"https:\/\/www.boisdesreves.be\/nl\/bois-des-reves\/fauna-en-flora\/\">Ontdek de flora en fauna<\/a><\/div>\n\t\t\t\t<\/div>\n\t\t\t\n\t\t\t\t<\/div>\n\t\t\t<\/div><div class=\"et_pb_module dsm_card dsm_card_2 et_pb_bg_layout_light  dsm_card_layout_stacked\">\n\t\t\t\t\n\t\t\t\t\n\t\t\t\t\n\t\t\t\t\n\t\t\t\t\n\t\t\t\t\n\t\t\t\t<div class=\"et_pb_module_inner\">\n\t\t\t\t\t\n\t\t\t\n\t\t\t<figure class=\"dsm_card_image_wrapper dsm_card_badge_top_right\"><div class=\"dsm_card_image_background dsm_card_img\"><\/div><\/figure>\n\t\t\t<div class=\"et_pb_module dsm_card_wrapper et_pb_text_align_left\">\n\t\t\t\t\t\n\t\t\t\t\t<h2 class=\"dsm_card_title et_pb_module_header\">Geschiedenis<\/h2>\n\t\t\t\t\t\n\t\t\t\t\t<div class=\"dsm_card_description\">Your content goes here. Edit or remove this text inline or in the module Content settings. You can also style every aspect of this content in the.<\/div>\n\t\t\t\t\t<div class=\"et_pb_button_wrapper\"><a class=\"et_pb_button et_pb_more_button bdr_link\" href=\"\/nl\/bois-des-reves\/geschiedenis\">Ontdek de geschiedenis<\/a><\/div>\n\t\t\t\t<\/div>\n\t\t\t\n\t\t\t\t<\/div>\n\t\t\t<\/div><div class=\"et_pb_module dsm_card dsm_card_3 et_pb_bg_layout_light  dsm_card_layout_stacked\">\n\t\t\t\t\n\t\t\t\t\n\t\t\t\t\n\t\t\t\t\n\t\t\t\t\n\t\t\t\t\n\t\t\t\t<div class=\"et_pb_module_inner\">\n\t\t\t\t\t\n\t\t\t\n\t\t\t<figure class=\"dsm_card_image_wrapper dsm_card_badge_top_right\"><div class=\"dsm_card_image_background dsm_card_img\"><\/div><\/figure>\n\t\t\t<div class=\"et_pb_module dsm_card_wrapper et_pb_text_align_left\">\n\t\t\t\t\t\n\t\t\t\t\t<h2 class=\"dsm_card_title et_pb_module_header\">Partners<\/h2>\n\t\t\t\t\t\n\t\t\t\t\t\n\t\t\t\t\t<div class=\"et_pb_button_wrapper\"><a class=\"et_pb_button et_pb_more_button bdr_link\" href=\"https:\/\/www.boisdesreves.be\/nl\/bois-des-reves\/partners\/\">Ontdek onze partners<\/a><\/div>\n\t\t\t\t<\/div>\n\t\t\t\n\t\t\t\t<\/div>\n\t\t\t<\/div>Your content goes here. Edit or remove this text inline [&hellip;]<\/p>\n","protected":false},"author":1,"featured_media":0,"parent":0,"menu_order":0,"comment_status":"closed","ping_status":"closed","template":"","meta":{"_acf_changed":false,"_et_pb_use_builder":"on","_et_pb_old_content":"","_et_gb_content_width":"","footnotes":""},"class_list":["post-1086433","page","type-page","status-publish","hentry"],"acf":[],"yoast_head":"<!-- This site is optimized with the Yoast SEO plugin v24.2 - https:\/\/yoast.com\/wordpress\/plugins\/seo\/ -->\n<title>Welkom bij Bois des R\u00eaves - Ontdek het hart van de natuur<\/title>\n<meta name=\"description\" content=\"Duik in het avontuur bij Le Bois des R\u00eaves. Ontdek ons team, de rijke flora en fauna, de boeiende geschiedenis en onze toegewijde partners.\" \/>\n<meta name=\"robots\" content=\"index, follow, max-snippet:-1, max-image-preview:large, max-video-preview:-1\" \/>\n<link rel=\"canonical\" href=\"https:\/\/www.boisdesreves.be\/bois-des-reves\/\" \/>\n<meta property=\"og:locale\" content=\"nl_NL\" \/>\n<meta property=\"og:type\" content=\"article\" \/>\n<meta property=\"og:title\" content=\"Welkom bij Bois des R\u00eaves - Ontdek het hart van de natuur\" \/>\n<meta property=\"og:description\" content=\"Duik in het avontuur bij Le Bois des R\u00eaves. Ontdek ons team, de rijke flora en fauna, de boeiende geschiedenis en onze toegewijde partners.\" \/>\n<meta property=\"og:url\" content=\"https:\/\/www.boisdesreves.be\/bois-des-reves\/\" \/>\n<meta property=\"og:site_name\" content=\"Bois des R\u00eaves\" \/>\n<meta property=\"article:publisher\" content=\"https:\/\/www.facebook.com\/boisdesrevesottignies\" \/>\n<meta property=\"article:modified_time\" content=\"2025-01-07T16:30:19+00:00\" \/>\n<meta property=\"og:image\" content=\"https:\/\/www.boisdesreves.be\/wp-content\/uploads\/2023\/05\/BdR_Logotype__Couleurs_rvb.png\" \/>\n\t<meta property=\"og:image:width\" content=\"618\" \/>\n\t<meta property=\"og:image:height\" content=\"238\" \/>\n\t<meta property=\"og:image:type\" content=\"image\/png\" \/>\n<meta name=\"twitter:card\" content=\"summary_large_image\" \/>\n<meta name=\"twitter:label1\" content=\"Geschatte leestijd\" \/>\n\t<meta name=\"twitter:data1\" content=\"5 minuten\" \/>\n<script type=\"application\/ld+json\" class=\"yoast-schema-graph\">{\"@context\":\"https:\/\/schema.org\",\"@graph\":[{\"@type\":\"WebPage\",\"@id\":\"https:\/\/www.boisdesreves.be\/bois-des-reves\/\",\"url\":\"https:\/\/www.boisdesreves.be\/bois-des-reves\/\",\"name\":\"Welkom bij Bois des R\u00eaves - Ontdek het hart van de natuur\",\"isPartOf\":{\"@id\":\"https:\/\/www.boisdesreves.be\/#website\"},\"datePublished\":\"2023-08-10T09:14:46+00:00\",\"dateModified\":\"2025-01-07T16:30:19+00:00\",\"description\":\"Duik in het avontuur bij Le Bois des R\u00eaves. Ontdek ons team, de rijke flora en fauna, de boeiende geschiedenis en onze toegewijde partners.\",\"breadcrumb\":{\"@id\":\"https:\/\/www.boisdesreves.be\/bois-des-reves\/#breadcrumb\"},\"inLanguage\":\"nl-NL\",\"potentialAction\":[{\"@type\":\"ReadAction\",\"target\":[\"https:\/\/www.boisdesreves.be\/bois-des-reves\/\"]}]},{\"@type\":\"BreadcrumbList\",\"@id\":\"https:\/\/www.boisdesreves.be\/bois-des-reves\/#breadcrumb\",\"itemListElement\":[{\"@type\":\"ListItem\",\"position\":1,\"name\":\"Home\",\"item\":\"https:\/\/www.boisdesreves.be\/\"},{\"@type\":\"ListItem\",\"position\":2,\"name\":\"Bois des R\u00eaves\"}]},{\"@type\":\"WebSite\",\"@id\":\"https:\/\/www.boisdesreves.be\/#website\",\"url\":\"https:\/\/www.boisdesreves.be\/\",\"name\":\"Bois des R\u00eaves\",\"description\":\"Bois des R\u00eaves - Aventure en plein c\u0153ur du Brabant Wallon\",\"publisher\":{\"@id\":\"https:\/\/www.boisdesreves.be\/#organization\"},\"potentialAction\":[{\"@type\":\"SearchAction\",\"target\":{\"@type\":\"EntryPoint\",\"urlTemplate\":\"https:\/\/www.boisdesreves.be\/?s={search_term_string}\"},\"query-input\":{\"@type\":\"PropertyValueSpecification\",\"valueRequired\":true,\"valueName\":\"search_term_string\"}}],\"inLanguage\":\"nl-NL\"},{\"@type\":\"Organization\",\"@id\":\"https:\/\/www.boisdesreves.be\/#organization\",\"name\":\"Bois des R\u00eaves\",\"url\":\"https:\/\/www.boisdesreves.be\/\",\"logo\":{\"@type\":\"ImageObject\",\"inLanguage\":\"nl-NL\",\"@id\":\"https:\/\/www.boisdesreves.be\/#\/schema\/logo\/image\/\",\"url\":\"https:\/\/www.boisdesreves.be\/wp-content\/uploads\/2024\/04\/cropped-BdR_Logo_Without_Tag.png\",\"contentUrl\":\"https:\/\/www.boisdesreves.be\/wp-content\/uploads\/2024\/04\/cropped-BdR_Logo_Without_Tag.png\",\"width\":512,\"height\":512,\"caption\":\"Bois des R\u00eaves\"},\"image\":{\"@id\":\"https:\/\/www.boisdesreves.be\/#\/schema\/logo\/image\/\"},\"sameAs\":[\"https:\/\/www.facebook.com\/boisdesrevesottignies\"]}]}<\/script>\n<!-- \/ Yoast SEO plugin. -->","yoast_head_json":{"title":"Welkom bij Bois des R\u00eaves - Ontdek het hart van de natuur","description":"Duik in het avontuur bij Le Bois des R\u00eaves. Ontdek ons team, de rijke flora en fauna, de boeiende geschiedenis en onze toegewijde partners.","robots":{"index":"index","follow":"follow","max-snippet":"max-snippet:-1","max-image-preview":"max-image-preview:large","max-video-preview":"max-video-preview:-1"},"canonical":"https:\/\/www.boisdesreves.be\/bois-des-reves\/","og_locale":"nl_NL","og_type":"article","og_title":"Welkom bij Bois des R\u00eaves - Ontdek het hart van de natuur","og_description":"Duik in het avontuur bij Le Bois des R\u00eaves. Ontdek ons team, de rijke flora en fauna, de boeiende geschiedenis en onze toegewijde partners.","og_url":"https:\/\/www.boisdesreves.be\/bois-des-reves\/","og_site_name":"Bois des R\u00eaves","article_publisher":"https:\/\/www.facebook.com\/boisdesrevesottignies","article_modified_time":"2025-01-07T16:30:19+00:00","og_image":[{"width":618,"height":238,"url":"https:\/\/www.boisdesreves.be\/wp-content\/uploads\/2023\/05\/BdR_Logotype__Couleurs_rvb.png","type":"image\/png"}],"twitter_card":"summary_large_image","twitter_misc":{"Geschatte leestijd":"5 minuten"},"schema":{"@context":"https:\/\/schema.org","@graph":[{"@type":"WebPage","@id":"https:\/\/www.boisdesreves.be\/bois-des-reves\/","url":"https:\/\/www.boisdesreves.be\/bois-des-reves\/","name":"Welkom bij Bois des R\u00eaves - Ontdek het hart van de natuur","isPartOf":{"@id":"https:\/\/www.boisdesreves.be\/#website"},"datePublished":"2023-08-10T09:14:46+00:00","dateModified":"2025-01-07T16:30:19+00:00","description":"Duik in het avontuur bij Le Bois des R\u00eaves. Ontdek ons team, de rijke flora en fauna, de boeiende geschiedenis en onze toegewijde partners.","breadcrumb":{"@id":"https:\/\/www.boisdesreves.be\/bois-des-reves\/#breadcrumb"},"inLanguage":"nl-NL","potentialAction":[{"@type":"ReadAction","target":["https:\/\/www.boisdesreves.be\/bois-des-reves\/"]}]},{"@type":"BreadcrumbList","@id":"https:\/\/www.boisdesreves.be\/bois-des-reves\/#breadcrumb","itemListElement":[{"@type":"ListItem","position":1,"name":"Home","item":"https:\/\/www.boisdesreves.be\/"},{"@type":"ListItem","position":2,"name":"Bois des R\u00eaves"}]},{"@type":"WebSite","@id":"https:\/\/www.boisdesreves.be\/#website","url":"https:\/\/www.boisdesreves.be\/","name":"Bois des R\u00eaves","description":"Bois des R\u00eaves - Aventure en plein c\u0153ur du Brabant Wallon","publisher":{"@id":"https:\/\/www.boisdesreves.be\/#organization"},"potentialAction":[{"@type":"SearchAction","target":{"@type":"EntryPoint","urlTemplate":"https:\/\/www.boisdesreves.be\/?s={search_term_string}"},"query-input":{"@type":"PropertyValueSpecification","valueRequired":true,"valueName":"search_term_string"}}],"inLanguage":"nl-NL"},{"@type":"Organization","@id":"https:\/\/www.boisdesreves.be\/#organization","name":"Bois des R\u00eaves","url":"https:\/\/www.boisdesreves.be\/","logo":{"@type":"ImageObject","inLanguage":"nl-NL","@id":"https:\/\/www.boisdesreves.be\/#\/schema\/logo\/image\/","url":"https:\/\/www.boisdesreves.be\/wp-content\/uploads\/2024\/04\/cropped-BdR_Logo_Without_Tag.png","contentUrl":"https:\/\/www.boisdesreves.be\/wp-content\/uploads\/2024\/04\/cropped-BdR_Logo_Without_Tag.png","width":512,"height":512,"caption":"Bois des R\u00eaves"},"image":{"@id":"https:\/\/www.boisdesreves.be\/#\/schema\/logo\/image\/"},"sameAs":["https:\/\/www.facebook.com\/boisdesrevesottignies"]}]}},"_links":{"self":[{"href":"https:\/\/www.boisdesreves.be\/nl\/wp-json\/wp\/v2\/pages\/1086433","targetHints":{"allow":["GET"]}}],"collection":[{"href":"https:\/\/www.boisdesreves.be\/nl\/wp-json\/wp\/v2\/pages"}],"about":[{"href":"https:\/\/www.boisdesreves.be\/nl\/wp-json\/wp\/v2\/types\/page"}],"author":[{"embeddable":true,"href":"https:\/\/www.boisdesreves.be\/nl\/wp-json\/wp\/v2\/users\/1"}],"replies":[{"embeddable":true,"href":"https:\/\/www.boisdesreves.be\/nl\/wp-json\/wp\/v2\/comments?post=1086433"}],"version-history":[{"count":0,"href":"https:\/\/www.boisdesreves.be\/nl\/wp-json\/wp\/v2\/pages\/1086433\/revisions"}],"wp:attachment":[{"href":"https:\/\/www.boisdesreves.be\/nl\/wp-json\/wp\/v2\/media?parent=1086433"}],"curies":[{"name":"wp","href":"https:\/\/api.w.org\/{rel}","templated":true}]}}