{"id":1086883,"date":"2025-03-11T10:20:02","date_gmt":"2025-03-11T09:20:02","guid":{"rendered":"https:\/\/www.boisdesreves.be\/verklaring-van-toegankelijkheid\/"},"modified":"2025-03-11T10:26:08","modified_gmt":"2025-03-11T09:26:08","slug":"verklaring-van-toegankelijkheid","status":"publish","type":"page","link":"https:\/\/www.boisdesreves.be\/nl\/verklaring-van-toegankelijkheid\/","title":{"rendered":"Toegankelijkheidsverklaring"},"content":{"rendered":"<p>[et_pb_section fb_built=&#8221;1&#8243; admin_label=&#8221;Page header&#8221; _builder_version=&#8221;4.27.4&#8243; _module_preset=&#8221;default&#8221; background_enable_color=&#8221;off&#8221; use_background_color_gradient=&#8221;on&#8221; background_color_gradient_stops=&#8221;rgba(0,0,0,0.42) 0%|rgba(0,0,0,0.42) 100%&#8221; background_color_gradient_overlays_image=&#8221;on&#8221; background_image=&#8221;https:\/\/www.boisdesreves.be\/wp-content\/uploads\/2024\/04\/bdr-activite-spray-park-footer.jpg&#8221; background_position=&#8221;top_center&#8221; custom_padding=&#8221;0px||0px||true|false&#8221; hover_enabled=&#8221;0&#8243; da_disable_devices=&#8221;off|off|off&#8221; global_colors_info=&#8221;{}&#8221; theme_builder_area=&#8221;post_content&#8221; alt=&#8221;Lac principal des Bois des R\u00eaves avec du soleil et feuilles rouges&#8221; sticky_enabled=&#8221;0&#8243; da_is_popup=&#8221;off&#8221; da_exit_intent=&#8221;off&#8221; da_has_close=&#8221;on&#8221; da_alt_close=&#8221;off&#8221; da_dark_close=&#8221;off&#8221; da_not_modal=&#8221;on&#8221; da_is_singular=&#8221;off&#8221; da_with_loader=&#8221;off&#8221; da_has_shadow=&#8221;on&#8221;][et_pb_row make_equal=&#8221;on&#8221; _builder_version=&#8221;4.21.0&#8243; _module_preset=&#8221;default&#8221; min_height=&#8221;700px&#8221; height=&#8221;70vh&#8221; custom_padding=&#8221;0px||0px||true|false&#8221; global_colors_info=&#8221;{}&#8221; theme_builder_area=&#8221;post_content&#8221;][et_pb_column type=&#8221;4_4&#8243; _builder_version=&#8221;4.21.0&#8243; _module_preset=&#8221;default&#8221; custom_padding=&#8221;7rem||7rem||true|false&#8221; custom_padding_tablet=&#8221;15rem||15rem||true|false&#8221; custom_padding_phone=&#8221;15rem||15rem||true|false&#8221; custom_padding_last_edited=&#8221;on|desktop&#8221; custom_css_main_element=&#8221;margin:auto&#8221; global_colors_info=&#8221;{}&#8221; theme_builder_area=&#8221;post_content&#8221;][et_pb_text admin_label=&#8221;Title&#8221; _builder_version=&#8221;4.27.4&#8243; _module_preset=&#8221;0003039b-79ee-4180-912b-ede439a2e297&#8243; hover_enabled=&#8221;0&#8243; global_colors_info=&#8221;{%22gcid-f85ae0c9-fd65-448b-93e8-9cc62cbcda12%22:%91%22header_2_text_color%22,%22header_3_text_color%22%93,%22gcid-6445eed1-37c8-4882-a47d-a3f63d28d4f2%22:%91%22link_text_color%22%93}&#8221; theme_builder_area=&#8221;post_content&#8221; sticky_enabled=&#8221;0&#8243;]<\/p>\n<h1><span aria-hidden=\"true\">&#8211;<\/span> <span style=\"color: #ffffff;\">Verklaring van toegankelijkheid<\/span><\/h1>\n<p>[\/et_pb_text][\/et_pb_column][\/et_pb_row][\/et_pb_section][et_pb_section fb_built=&#8221;1&#8243; module_id=&#8221;contenu-principal&#8221; _builder_version=&#8221;4.27.4&#8243; _module_preset=&#8221;default&#8221; custom_padding=&#8221;||||false|false&#8221; hover_enabled=&#8221;0&#8243; da_disable_devices=&#8221;off|off|off&#8221; global_colors_info=&#8221;{}&#8221; theme_builder_area=&#8221;post_content&#8221; sticky_enabled=&#8221;0&#8243; da_is_popup=&#8221;off&#8221; da_exit_intent=&#8221;off&#8221; da_has_close=&#8221;on&#8221; da_alt_close=&#8221;off&#8221; da_dark_close=&#8221;off&#8221; da_not_modal=&#8221;on&#8221; da_is_singular=&#8221;off&#8221; da_with_loader=&#8221;off&#8221; da_has_shadow=&#8221;on&#8221;][et_pb_row _builder_version=&#8221;4.21.0&#8243; _module_preset=&#8221;default&#8221; hover_enabled=&#8221;0&#8243; global_colors_info=&#8221;{}&#8221; theme_builder_area=&#8221;post_content&#8221; sticky_enabled=&#8221;0&#8243;][et_pb_column type=&#8221;4_4&#8243; _builder_version=&#8221;4.21.0&#8243; _module_preset=&#8221;default&#8221; global_colors_info=&#8221;{}&#8221; theme_builder_area=&#8221;post_content&#8221;][et_pb_text _builder_version=&#8221;4.27.4&#8243; _module_preset=&#8221;8aa5f111-faef-4104-af48-83b100dc9f92&#8243; header_2_font=&#8221;Source Sans Pro|700|||||||&#8221; header_2_font_size=&#8221;18px&#8221; header_2_line_height=&#8221;1.7em&#8221; max_width=&#8221;650px&#8221; hover_enabled=&#8221;0&#8243; global_colors_info=&#8221;{%22gcid-f85ae0c9-fd65-448b-93e8-9cc62cbcda12%22:%91%22header_2_text_color%22,%22header_2_text_color%22,%22header_2_text_color%22%93}&#8221; theme_builder_area=&#8221;post_content&#8221; sticky_enabled=&#8221;0&#8243;]<\/p>\n<div class=\"block block--text block--first\" id=\"dns-belgium-asblsouhaite-promouvoir-l\">\n<div class=\"text\">\n<p>De provincie Waals-Brabant zet zich in om het internet toegankelijker te maken, in het bijzonder voor mensen met een handicap. We doen ons uiterste best om de gebruikerservaring te verbeteren door te voldoen aan de huidige toegankelijkheidsnormen. <\/p>\n<h2><strong>Mate van naleving van de toegankelijkheidsstandaard<\/strong><\/h2>\n<p>De Web Content Accessibility Guidelines (WCAG) defini\u00ebren toegankelijkheidseisen op drie niveaus: A, AA en AAA.<\/p>\n<p>We voldoen aan WCAG 2.1 niveau A. Het is echter mogelijk dat sommige documenten die in PDF-formaat zijn gearchiveerd, zoals het menu van de brouwerij en de regels voor bepaalde aspecten van Le Bois des R\u00eaves, niet volledig voldoen. <\/p>\n<h2><strong>Feedback<\/strong><\/h2>\n<p>We horen graag van je! Als je suggesties of opmerkingen hebt over de toegankelijkheid van onze website, neem dan per e-mail contact met ons op via <a href=\"mailto:boisdesreves@brabantwallon.be\">boisdesreves@brabantwallon.be.<\/a> <\/p>\n<h2><strong>Toegankelijkheidsaudit<\/strong><\/h2>\n<p>De toegankelijkheid van onze website is beoordeeld door een externe audit uitgevoerd door AnySurfer. Je kunt hun statuspagina raadplegen voor meer informatie. <\/p>\n<h2><strong>Offici\u00eble verklaring van toegankelijkheid<\/strong><\/h2>\n<p>Deze toegankelijkheidsverklaring is opgesteld door de provincie Waals-Brabant op 24 maart 2025. Heb je vragen of opmerkingen, stuur dan een e-mail naar <a href=\"mailto:boisdesreves@brabantwallon.be\">boisdesreves@brabantwallon.be.<\/a> <\/p>\n<\/div>\n<\/div>\n<p>[\/et_pb_text][\/et_pb_column][\/et_pb_row][\/et_pb_section][et_pb_section fb_built=&#8221;1&#8243; fullwidth=&#8221;on&#8221; _builder_version=&#8221;4.24.3&#8243; _module_preset=&#8221;default&#8221; background_image=&#8221;https:\/\/www.boisdesreves.be\/wp-content\/uploads\/2024\/04\/bdr-brasserie-footer.jpg&#8221; custom_margin=&#8221;||||false|false&#8221; custom_padding=&#8221;14rem||14rem||true|false&#8221; da_disable_devices=&#8221;off|off|off&#8221; global_colors_info=&#8221;{}&#8221; custom_css_main_element_last_edited=&#8221;on|phone&#8221; custom_css_main_element_phone=&#8221;padding-top: 10rem !important;||padding-bottom: 10rem !important;&#8221; theme_builder_area=&#8221;post_content&#8221; da_is_popup=&#8221;off&#8221; da_exit_intent=&#8221;off&#8221; da_has_close=&#8221;on&#8221; da_alt_close=&#8221;off&#8221; da_dark_close=&#8221;off&#8221; da_not_modal=&#8221;on&#8221; da_is_singular=&#8221;off&#8221; da_with_loader=&#8221;off&#8221; da_has_shadow=&#8221;on&#8221;][\/et_pb_section]<\/p>\n","protected":false},"excerpt":{"rendered":"<p>&#8211; Verklaring van toegankelijkheid De provincie Waals-Brabant zet zich in om het internet toegankelijker te maken, in het bijzonder voor mensen met een handicap. We doen ons uiterste best om de gebruikerservaring te verbeteren door te voldoen aan de huidige toegankelijkheidsnormen. Mate van naleving van de toegankelijkheidsstandaard De Web Content Accessibility Guidelines (WCAG) defini\u00ebren toegankelijkheidseisen op drie niveaus: A, AA en AAA. We voldoen aan WCAG 2.1 niveau A. Het is echter mogelijk dat sommige documenten die in PDF-formaat zijn gearchiveerd, zoals het menu van de brouwerij en de regels voor bepaalde aspecten van Le Bois des R\u00eaves, niet volledig voldoen. Feedback We horen graag van je! Als je suggesties of opmerkingen hebt over de toegankelijkheid van onze website, neem dan per e-mail contact met ons op via boisdesreves@brabantwallon.be. Toegankelijkheidsaudit De toegankelijkheid van onze website is beoordeeld door een externe audit uitgevoerd door AnySurfer. Je kunt hun statuspagina raadplegen voor meer informatie. Offici\u00eble verklaring van toegankelijkheid Deze toegankelijkheidsverklaring is opgesteld door de provincie Waals-Brabant op 24 maart 2025. Heb je vragen of opmerkingen, stuur dan een e-mail naar boisdesreves@brabantwallon.be.<\/p>\n","protected":false},"author":1,"featured_media":0,"parent":0,"menu_order":0,"comment_status":"closed","ping_status":"closed","template":"","meta":{"_acf_changed":false,"_et_pb_use_builder":"on","_et_pb_old_content":"","_et_gb_content_width":"","footnotes":""},"class_list":["post-1086883","page","type-page","status-publish","hentry"],"acf":[],"yoast_head":"<!-- This site is optimized with the Yoast SEO plugin v24.2 - https:\/\/yoast.com\/wordpress\/plugins\/seo\/ -->\n<title>Toegankelijkheidsverklaring - Bois des R\u00eaves<\/title>\n<meta name=\"robots\" content=\"index, follow, max-snippet:-1, max-image-preview:large, max-video-preview:-1\" \/>\n<link rel=\"canonical\" href=\"https:\/\/www.boisdesreves.be\/nl\/verklaring-van-toegankelijkheid\/\" \/>\n<meta property=\"og:locale\" content=\"nl_NL\" \/>\n<meta property=\"og:type\" content=\"article\" \/>\n<meta property=\"og:title\" content=\"Toegankelijkheidsverklaring - Bois des R\u00eaves\" \/>\n<meta property=\"og:description\" content=\"- Verklaring van toegankelijkheid De provincie Waals-Brabant zet zich in om het internet toegankelijker te maken, in het bijzonder voor mensen met een handicap. We doen ons uiterste best om de gebruikerservaring te verbeteren door te voldoen aan de huidige toegankelijkheidsnormen. Mate van naleving van de toegankelijkheidsstandaard De Web Content Accessibility Guidelines (WCAG) defini\u00ebren toegankelijkheidseisen op drie niveaus: A, AA en AAA. We voldoen aan WCAG 2.1 niveau A. Het is echter mogelijk dat sommige documenten die in PDF-formaat zijn gearchiveerd, zoals het menu van de brouwerij en de regels voor bepaalde aspecten van Le Bois des R\u00eaves, niet volledig voldoen. Feedback We horen graag van je! Als je suggesties of opmerkingen hebt over de toegankelijkheid van onze website, neem dan per e-mail contact met ons op via boisdesreves@brabantwallon.be. Toegankelijkheidsaudit De toegankelijkheid van onze website is beoordeeld door een externe audit uitgevoerd door AnySurfer. Je kunt hun statuspagina raadplegen voor meer informatie. Offici\u00eble verklaring van toegankelijkheid Deze toegankelijkheidsverklaring is opgesteld door de provincie Waals-Brabant op 24 maart 2025. Heb je vragen of opmerkingen, stuur dan een e-mail naar boisdesreves@brabantwallon.be.\" \/>\n<meta property=\"og:url\" content=\"https:\/\/www.boisdesreves.be\/nl\/verklaring-van-toegankelijkheid\/\" \/>\n<meta property=\"og:site_name\" content=\"Bois des R\u00eaves\" \/>\n<meta property=\"article:publisher\" content=\"https:\/\/www.facebook.com\/boisdesrevesottignies\" \/>\n<meta property=\"article:modified_time\" content=\"2025-03-11T09:26:08+00:00\" \/>\n<meta property=\"og:image\" content=\"https:\/\/www.boisdesreves.be\/wp-content\/uploads\/2023\/05\/BdR_Logotype__Couleurs_rvb.png\" \/>\n\t<meta property=\"og:image:width\" content=\"618\" \/>\n\t<meta property=\"og:image:height\" content=\"238\" \/>\n\t<meta property=\"og:image:type\" content=\"image\/png\" \/>\n<meta name=\"twitter:card\" content=\"summary_large_image\" \/>\n<meta name=\"twitter:label1\" content=\"Geschatte leestijd\" \/>\n\t<meta name=\"twitter:data1\" content=\"4 minuten\" \/>\n<script type=\"application\/ld+json\" class=\"yoast-schema-graph\">{\"@context\":\"https:\/\/schema.org\",\"@graph\":[{\"@type\":\"WebPage\",\"@id\":\"https:\/\/www.boisdesreves.be\/nl\/verklaring-van-toegankelijkheid\/\",\"url\":\"https:\/\/www.boisdesreves.be\/nl\/verklaring-van-toegankelijkheid\/\",\"name\":\"Toegankelijkheidsverklaring - Bois des R\u00eaves\",\"isPartOf\":{\"@id\":\"https:\/\/www.boisdesreves.be\/#website\"},\"datePublished\":\"2025-03-11T09:20:02+00:00\",\"dateModified\":\"2025-03-11T09:26:08+00:00\",\"breadcrumb\":{\"@id\":\"https:\/\/www.boisdesreves.be\/nl\/verklaring-van-toegankelijkheid\/#breadcrumb\"},\"inLanguage\":\"nl-NL\",\"potentialAction\":[{\"@type\":\"ReadAction\",\"target\":[\"https:\/\/www.boisdesreves.be\/nl\/verklaring-van-toegankelijkheid\/\"]}]},{\"@type\":\"BreadcrumbList\",\"@id\":\"https:\/\/www.boisdesreves.be\/nl\/verklaring-van-toegankelijkheid\/#breadcrumb\",\"itemListElement\":[{\"@type\":\"ListItem\",\"position\":1,\"name\":\"Home\",\"item\":\"https:\/\/www.boisdesreves.be\/\"},{\"@type\":\"ListItem\",\"position\":2,\"name\":\"Toegankelijkheidsverklaring\"}]},{\"@type\":\"WebSite\",\"@id\":\"https:\/\/www.boisdesreves.be\/#website\",\"url\":\"https:\/\/www.boisdesreves.be\/\",\"name\":\"Bois des R\u00eaves\",\"description\":\"Bois des R\u00eaves - Aventure en plein c\u0153ur du Brabant Wallon\",\"publisher\":{\"@id\":\"https:\/\/www.boisdesreves.be\/#organization\"},\"potentialAction\":[{\"@type\":\"SearchAction\",\"target\":{\"@type\":\"EntryPoint\",\"urlTemplate\":\"https:\/\/www.boisdesreves.be\/?s={search_term_string}\"},\"query-input\":{\"@type\":\"PropertyValueSpecification\",\"valueRequired\":true,\"valueName\":\"search_term_string\"}}],\"inLanguage\":\"nl-NL\"},{\"@type\":\"Organization\",\"@id\":\"https:\/\/www.boisdesreves.be\/#organization\",\"name\":\"Bois des R\u00eaves\",\"url\":\"https:\/\/www.boisdesreves.be\/\",\"logo\":{\"@type\":\"ImageObject\",\"inLanguage\":\"nl-NL\",\"@id\":\"https:\/\/www.boisdesreves.be\/#\/schema\/logo\/image\/\",\"url\":\"https:\/\/www.boisdesreves.be\/wp-content\/uploads\/2024\/04\/cropped-BdR_Logo_Without_Tag.png\",\"contentUrl\":\"https:\/\/www.boisdesreves.be\/wp-content\/uploads\/2024\/04\/cropped-BdR_Logo_Without_Tag.png\",\"width\":512,\"height\":512,\"caption\":\"Bois des R\u00eaves\"},\"image\":{\"@id\":\"https:\/\/www.boisdesreves.be\/#\/schema\/logo\/image\/\"},\"sameAs\":[\"https:\/\/www.facebook.com\/boisdesrevesottignies\"]}]}<\/script>\n<!-- \/ Yoast SEO plugin. -->","yoast_head_json":{"title":"Toegankelijkheidsverklaring - Bois des R\u00eaves","robots":{"index":"index","follow":"follow","max-snippet":"max-snippet:-1","max-image-preview":"max-image-preview:large","max-video-preview":"max-video-preview:-1"},"canonical":"https:\/\/www.boisdesreves.be\/nl\/verklaring-van-toegankelijkheid\/","og_locale":"nl_NL","og_type":"article","og_title":"Toegankelijkheidsverklaring - Bois des R\u00eaves","og_description":"- Verklaring van toegankelijkheid De provincie Waals-Brabant zet zich in om het internet toegankelijker te maken, in het bijzonder voor mensen met een handicap. We doen ons uiterste best om de gebruikerservaring te verbeteren door te voldoen aan de huidige toegankelijkheidsnormen. Mate van naleving van de toegankelijkheidsstandaard De Web Content Accessibility Guidelines (WCAG) defini\u00ebren toegankelijkheidseisen op drie niveaus: A, AA en AAA. We voldoen aan WCAG 2.1 niveau A. Het is echter mogelijk dat sommige documenten die in PDF-formaat zijn gearchiveerd, zoals het menu van de brouwerij en de regels voor bepaalde aspecten van Le Bois des R\u00eaves, niet volledig voldoen. Feedback We horen graag van je! Als je suggesties of opmerkingen hebt over de toegankelijkheid van onze website, neem dan per e-mail contact met ons op via boisdesreves@brabantwallon.be. Toegankelijkheidsaudit De toegankelijkheid van onze website is beoordeeld door een externe audit uitgevoerd door AnySurfer. Je kunt hun statuspagina raadplegen voor meer informatie. Offici\u00eble verklaring van toegankelijkheid Deze toegankelijkheidsverklaring is opgesteld door de provincie Waals-Brabant op 24 maart 2025. Heb je vragen of opmerkingen, stuur dan een e-mail naar boisdesreves@brabantwallon.be.","og_url":"https:\/\/www.boisdesreves.be\/nl\/verklaring-van-toegankelijkheid\/","og_site_name":"Bois des R\u00eaves","article_publisher":"https:\/\/www.facebook.com\/boisdesrevesottignies","article_modified_time":"2025-03-11T09:26:08+00:00","og_image":[{"width":618,"height":238,"url":"https:\/\/www.boisdesreves.be\/wp-content\/uploads\/2023\/05\/BdR_Logotype__Couleurs_rvb.png","type":"image\/png"}],"twitter_card":"summary_large_image","twitter_misc":{"Geschatte leestijd":"4 minuten"},"schema":{"@context":"https:\/\/schema.org","@graph":[{"@type":"WebPage","@id":"https:\/\/www.boisdesreves.be\/nl\/verklaring-van-toegankelijkheid\/","url":"https:\/\/www.boisdesreves.be\/nl\/verklaring-van-toegankelijkheid\/","name":"Toegankelijkheidsverklaring - Bois des R\u00eaves","isPartOf":{"@id":"https:\/\/www.boisdesreves.be\/#website"},"datePublished":"2025-03-11T09:20:02+00:00","dateModified":"2025-03-11T09:26:08+00:00","breadcrumb":{"@id":"https:\/\/www.boisdesreves.be\/nl\/verklaring-van-toegankelijkheid\/#breadcrumb"},"inLanguage":"nl-NL","potentialAction":[{"@type":"ReadAction","target":["https:\/\/www.boisdesreves.be\/nl\/verklaring-van-toegankelijkheid\/"]}]},{"@type":"BreadcrumbList","@id":"https:\/\/www.boisdesreves.be\/nl\/verklaring-van-toegankelijkheid\/#breadcrumb","itemListElement":[{"@type":"ListItem","position":1,"name":"Home","item":"https:\/\/www.boisdesreves.be\/"},{"@type":"ListItem","position":2,"name":"Toegankelijkheidsverklaring"}]},{"@type":"WebSite","@id":"https:\/\/www.boisdesreves.be\/#website","url":"https:\/\/www.boisdesreves.be\/","name":"Bois des R\u00eaves","description":"Bois des R\u00eaves - Aventure en plein c\u0153ur du Brabant Wallon","publisher":{"@id":"https:\/\/www.boisdesreves.be\/#organization"},"potentialAction":[{"@type":"SearchAction","target":{"@type":"EntryPoint","urlTemplate":"https:\/\/www.boisdesreves.be\/?s={search_term_string}"},"query-input":{"@type":"PropertyValueSpecification","valueRequired":true,"valueName":"search_term_string"}}],"inLanguage":"nl-NL"},{"@type":"Organization","@id":"https:\/\/www.boisdesreves.be\/#organization","name":"Bois des R\u00eaves","url":"https:\/\/www.boisdesreves.be\/","logo":{"@type":"ImageObject","inLanguage":"nl-NL","@id":"https:\/\/www.boisdesreves.be\/#\/schema\/logo\/image\/","url":"https:\/\/www.boisdesreves.be\/wp-content\/uploads\/2024\/04\/cropped-BdR_Logo_Without_Tag.png","contentUrl":"https:\/\/www.boisdesreves.be\/wp-content\/uploads\/2024\/04\/cropped-BdR_Logo_Without_Tag.png","width":512,"height":512,"caption":"Bois des R\u00eaves"},"image":{"@id":"https:\/\/www.boisdesreves.be\/#\/schema\/logo\/image\/"},"sameAs":["https:\/\/www.facebook.com\/boisdesrevesottignies"]}]}},"_links":{"self":[{"href":"https:\/\/www.boisdesreves.be\/nl\/wp-json\/wp\/v2\/pages\/1086883","targetHints":{"allow":["GET"]}}],"collection":[{"href":"https:\/\/www.boisdesreves.be\/nl\/wp-json\/wp\/v2\/pages"}],"about":[{"href":"https:\/\/www.boisdesreves.be\/nl\/wp-json\/wp\/v2\/types\/page"}],"author":[{"embeddable":true,"href":"https:\/\/www.boisdesreves.be\/nl\/wp-json\/wp\/v2\/users\/1"}],"replies":[{"embeddable":true,"href":"https:\/\/www.boisdesreves.be\/nl\/wp-json\/wp\/v2\/comments?post=1086883"}],"version-history":[{"count":0,"href":"https:\/\/www.boisdesreves.be\/nl\/wp-json\/wp\/v2\/pages\/1086883\/revisions"}],"wp:attachment":[{"href":"https:\/\/www.boisdesreves.be\/nl\/wp-json\/wp\/v2\/media?parent=1086883"}],"curies":[{"name":"wp","href":"https:\/\/api.w.org\/{rel}","templated":true}]}}